{"id":8423,"date":"2019-02-08T13:01:49","date_gmt":"2019-02-08T13:01:49","guid":{"rendered":"http:\/\/www.ehu.eus\/cdsea\/web\/?page_id=8423"},"modified":"2019-02-08T13:31:43","modified_gmt":"2019-02-08T13:31:43","slug":"8423-2","status":"publish","type":"page","link":"https:\/\/www.ehu.eus\/cdsea\/web\/index.php\/8423-2\/","title":{"rendered":"REUNION CATEDRAS UNESCO"},"content":{"rendered":"<p><span style=\"font-size: 14pt;\"><strong>REUNI\u00d3N C\u00c1TEDRAS UNESCO DE LA UPV\/EHU<\/strong><\/span><\/p>\n<p style=\"text-align: justify;\"><span style=\"font-size: 12pt;\">El viernes, 25 de enero, tuvo lugar un encuentro entre las C\u00e1tedras UNESCO, reconocidas en el \u00e1mbito de la Universidad del Pa\u00eds Vasco\/Euskal Herriko Unibertsitatea (UPV\/EHU), con el objetivo de compartir informaci\u00f3n sobre buenas pr\u00e1cticas en las diferentes \u00e1reas en las que se trabaja.<\/span><\/p>\n<p style=\"text-align: justify;\"><span style=\"font-size: 12pt;\">Actualmente se encuentran reconocidas 5 C\u00e1tedras (por fecha de creaci\u00f3n) con tem\u00e1ticas tan dispares como el paisaje, las lenguas, el desarrollo sostenible, la educaci\u00f3n y los derechos humanos.<\/span><\/p>\n<p style=\"text-align: justify;\"><span style=\"font-size: 12pt;\"><strong>1.- <\/strong><a href=\"http:\/\/www.ehu.eus\/cdsea\">C\u00e1tedra UNESCO sobre <strong>Desarrollo Sostenible y Educaci\u00f3n Ambiental<\/strong><\/a><\/span><\/p>\n<p style=\"text-align: justify;\"><span style=\"font-size: 12pt;\"><strong>2.-<\/strong><a href=\"https:\/\/www.ehu.eus\/es\/web\/mho-unesco-katedra\"> C\u00e1tedra UNESCO de <strong>Patrimonio Ling\u00fc\u00edstico Mundial<\/strong><\/a><\/span><\/p>\n<p style=\"text-align: justify;\"><span style=\"font-size: 12pt;\"><strong>3.-<\/strong> <a href=\"http:\/\/www.catedraunesco.eu\/\">C\u00e1tedra UNESCO de<\/a><strong><a href=\"http:\/\/www.catedraunesco.eu\/\"> Paisajes Culturales y Patrimonio<\/a><\/strong><\/span><\/p>\n<p style=\"text-align: justify;\"><span style=\"font-size: 12pt;\"><strong>4.- <\/strong><a href=\"https:\/\/www.ehu.eus\/es\/web\/catedra-comunicacion-valores\">C\u00e1tedra UNESCO de <strong>Comunicaci\u00f3n y Educaci\u00f3n en Valores<\/strong><\/a><\/span><\/p>\n<p style=\"text-align: justify;\"><span style=\"font-size: 12pt;\"><strong>5.-<\/strong> <a href=\"http:\/\/katedraddhh.eus\/es\/index.php\">C\u00e1tedra UNESCO de <strong>Derechos Humanos y Poderes P\u00fablicos<\/strong><\/a><\/span><\/p>\n<p style=\"text-align: justify;\">\u00a0<img loading=\"lazy\" decoding=\"async\" class=\"alignnone wp-image-8426\" src=\"http:\/\/www.ehu.eus\/cdsea\/web\/wp-content\/uploads\/2017\/03\/IMG_20190125_132159-300x206.jpg\" alt=\"\" width=\"224\" height=\"154\" srcset=\"https:\/\/www.ehu.eus\/cdsea\/web\/wp-content\/uploads\/2017\/03\/IMG_20190125_132159-300x206.jpg 300w, https:\/\/www.ehu.eus\/cdsea\/web\/wp-content\/uploads\/2017\/03\/IMG_20190125_132159-768x526.jpg 768w, https:\/\/www.ehu.eus\/cdsea\/web\/wp-content\/uploads\/2017\/03\/IMG_20190125_132159-1024x701.jpg 1024w, https:\/\/www.ehu.eus\/cdsea\/web\/wp-content\/uploads\/2017\/03\/IMG_20190125_132159-600x411.jpg 600w, https:\/\/www.ehu.eus\/cdsea\/web\/wp-content\/uploads\/2017\/03\/IMG_20190125_132159.jpg 1600w\" sizes=\"(max-width: 224px) 100vw, 224px\" \/> \u00a0 \u00a0\u00a0 <img loading=\"lazy\" decoding=\"async\" class=\"alignnone wp-image-8428\" src=\"http:\/\/www.ehu.eus\/cdsea\/web\/wp-content\/uploads\/2017\/03\/IMG_20190125_132312-300x225.jpg\" alt=\"\" width=\"206\" height=\"155\" srcset=\"https:\/\/www.ehu.eus\/cdsea\/web\/wp-content\/uploads\/2017\/03\/IMG_20190125_132312-300x225.jpg 300w, https:\/\/www.ehu.eus\/cdsea\/web\/wp-content\/uploads\/2017\/03\/IMG_20190125_132312-768x576.jpg 768w, https:\/\/www.ehu.eus\/cdsea\/web\/wp-content\/uploads\/2017\/03\/IMG_20190125_132312-1024x768.jpg 1024w, https:\/\/www.ehu.eus\/cdsea\/web\/wp-content\/uploads\/2017\/03\/IMG_20190125_132312-600x450.jpg 600w, https:\/\/www.ehu.eus\/cdsea\/web\/wp-content\/uploads\/2017\/03\/IMG_20190125_132312.jpg 1600w\" sizes=\"(max-width: 206px) 100vw, 206px\" \/> \u00a0 \u00a0\u00a0 <img loading=\"lazy\" decoding=\"async\" class=\"alignnone wp-image-8427\" src=\"http:\/\/www.ehu.eus\/cdsea\/web\/wp-content\/uploads\/2017\/03\/IMG_20190125_132205-300x225.jpg\" alt=\"\" width=\"204\" height=\"153\" srcset=\"https:\/\/www.ehu.eus\/cdsea\/web\/wp-content\/uploads\/2017\/03\/IMG_20190125_132205-300x225.jpg 300w, https:\/\/www.ehu.eus\/cdsea\/web\/wp-content\/uploads\/2017\/03\/IMG_20190125_132205-768x576.jpg 768w, https:\/\/www.ehu.eus\/cdsea\/web\/wp-content\/uploads\/2017\/03\/IMG_20190125_132205-1024x768.jpg 1024w, https:\/\/www.ehu.eus\/cdsea\/web\/wp-content\/uploads\/2017\/03\/IMG_20190125_132205-600x450.jpg 600w, https:\/\/www.ehu.eus\/cdsea\/web\/wp-content\/uploads\/2017\/03\/IMG_20190125_132205.jpg 1600w\" sizes=\"(max-width: 204px) 100vw, 204px\" \/><\/p>\n","protected":false},"excerpt":{"rendered":"<p>REUNI\u00d3N C\u00c1TEDRAS UNESCO DE LA UPV\/EHU El viernes, 25 de enero, tuvo lugar un encuentro entre las C\u00e1tedras UNESCO, reconocidas en el \u00e1mbito de la Universidad del Pa\u00eds Vasco\/Euskal Herriko Unibertsitatea (UPV\/EHU), con el objetivo de compartir informaci\u00f3n sobre buenas pr\u00e1cticas en las diferentes \u00e1reas en las que se trabaja. Actualmente se encuentran reconocidas 5 [&hellip;]<\/p>\n","protected":false},"author":4,"featured_media":0,"parent":0,"menu_order":0,"comment_status":"closed","ping_status":"closed","template":"","meta":{"footnotes":""},"class_list":["post-8423","page","type-page","status-publish","hentry"],"_links":{"self":[{"href":"https:\/\/www.ehu.eus\/cdsea\/web\/index.php\/wp-json\/wp\/v2\/pages\/8423"}],"collection":[{"href":"https:\/\/www.ehu.eus\/cdsea\/web\/index.php\/wp-json\/wp\/v2\/pages"}],"about":[{"href":"https:\/\/www.ehu.eus\/cdsea\/web\/index.php\/wp-json\/wp\/v2\/types\/page"}],"author":[{"embeddable":true,"href":"https:\/\/www.ehu.eus\/cdsea\/web\/index.php\/wp-json\/wp\/v2\/users\/4"}],"replies":[{"embeddable":true,"href":"https:\/\/www.ehu.eus\/cdsea\/web\/index.php\/wp-json\/wp\/v2\/comments?post=8423"}],"version-history":[{"count":5,"href":"https:\/\/www.ehu.eus\/cdsea\/web\/index.php\/wp-json\/wp\/v2\/pages\/8423\/revisions"}],"predecessor-version":[{"id":8437,"href":"https:\/\/www.ehu.eus\/cdsea\/web\/index.php\/wp-json\/wp\/v2\/pages\/8423\/revisions\/8437"}],"wp:attachment":[{"href":"https:\/\/www.ehu.eus\/cdsea\/web\/index.php\/wp-json\/wp\/v2\/media?parent=8423"}],"curies":[{"name":"wp","href":"https:\/\/api.w.org\/{rel}","templated":true}]}}