{"id":8528,"date":"2019-02-18T17:38:41","date_gmt":"2019-02-18T17:38:41","guid":{"rendered":"http:\/\/www.ehu.eus\/cdsea\/web\/?page_id=8528"},"modified":"2024-08-14T12:25:24","modified_gmt":"2024-08-14T10:25:24","slug":"agenda-de-actividades-2018-2","status":"publish","type":"page","link":"https:\/\/www.ehu.eus\/cdsea\/web\/index.php\/agenda-de-actividades-2018-2\/","title":{"rendered":"Agenda de Actividades 2018"},"content":{"rendered":"\n<div class=\"wp-block-columns alignwide is-layout-flex wp-container-core-columns-is-layout-1 wp-block-columns-is-layout-flex\">\n<div class=\"wp-block-column is-layout-flow wp-block-column-is-layout-flow\" style=\"flex-basis:33.33%\"><nav class=\"has-background has-base-background-color is-responsive items-justified-center wp-block-navigation is-content-justification-center is-layout-flex wp-container-core-navigation-is-layout-1 wp-block-navigation-is-layout-flex\" aria-label=\"Men\u00fa Agenda Actividades\" \n\t\t data-wp-interactive=\"core\/navigation\" data-wp-context='{\"overlayOpenedBy\":{\"click\":false,\"hover\":false,\"focus\":false},\"type\":\"overlay\",\"roleAttribute\":\"\",\"ariaLabel\":\"Men\\u00fa\"}'><button aria-haspopup=\"dialog\" aria-label=\"Abrir el men\u00fa\" class=\"wp-block-navigation__responsive-container-open \" \n\t\t\t\tdata-wp-on-async--click=\"actions.openMenuOnClick\"\n\t\t\t\tdata-wp-on--keydown=\"actions.handleMenuKeydown\"\n\t\t\t><svg width=\"24\" height=\"24\" xmlns=\"http:\/\/www.w3.org\/2000\/svg\" viewBox=\"0 0 24 24\" aria-hidden=\"true\" focusable=\"false\"><rect x=\"4\" y=\"7.5\" width=\"16\" height=\"1.5\" \/><rect x=\"4\" y=\"15\" width=\"16\" height=\"1.5\" \/><\/svg><\/button>\n\t\t\t\t<div class=\"wp-block-navigation__responsive-container  has-background has-base-background-color\"  id=\"modal-1\" \n\t\t\t\tdata-wp-class--has-modal-open=\"state.isMenuOpen\"\n\t\t\t\tdata-wp-class--is-menu-open=\"state.isMenuOpen\"\n\t\t\t\tdata-wp-watch=\"callbacks.initMenu\"\n\t\t\t\tdata-wp-on--keydown=\"actions.handleMenuKeydown\"\n\t\t\t\tdata-wp-on-async--focusout=\"actions.handleMenuFocusout\"\n\t\t\t\ttabindex=\"-1\"\n\t\t\t>\n\t\t\t\t\t<div class=\"wp-block-navigation__responsive-close\" tabindex=\"-1\">\n\t\t\t\t\t\t<div class=\"wp-block-navigation__responsive-dialog\" \n\t\t\t\tdata-wp-bind--aria-modal=\"state.ariaModal\"\n\t\t\t\tdata-wp-bind--aria-label=\"state.ariaLabel\"\n\t\t\t\tdata-wp-bind--role=\"state.roleAttribute\"\n\t\t\t>\n\t\t\t\t\t\t\t<button aria-label=\"Cerrar el men\u00fa\" class=\"wp-block-navigation__responsive-container-close\" \n\t\t\t\tdata-wp-on-async--click=\"actions.closeMenuOnClick\"\n\t\t\t><svg xmlns=\"http:\/\/www.w3.org\/2000\/svg\" viewBox=\"0 0 24 24\" width=\"24\" height=\"24\" aria-hidden=\"true\" focusable=\"false\"><path d=\"M13 11.8l6.1-6.3-1-1-6.1 6.2-6.1-6.2-1 1 6.1 6.3-6.5 6.7 1 1 6.5-6.6 6.5 6.6 1-1z\"><\/path><\/svg><\/button>\n\t\t\t\t\t\t\t<div class=\"wp-block-navigation__responsive-container-content\" \n\t\t\t\tdata-wp-watch=\"callbacks.focusFirstElement\"\n\t\t\t id=\"modal-1-content\">\n\t\t\t\t\t\t\t\t<ul class=\"wp-block-navigation__container has-background has-base-background-color is-responsive items-justified-center wp-block-navigation\"><li data-wp-context=\"{ &quot;submenuOpenedBy&quot;: { &quot;click&quot;: false, &quot;hover&quot;: false, &quot;focus&quot;: false }, &quot;type&quot;: &quot;submenu&quot; }\" data-wp-interactive=\"core\/navigation\" data-wp-on--focusout=\"actions.handleMenuFocusout\" data-wp-on--keydown=\"actions.handleMenuKeydown\" data-wp-on-async--mouseenter=\"actions.openMenuOnHover\" data-wp-on-async--mouseleave=\"actions.closeMenuOnHover\" data-wp-watch=\"callbacks.initMenu\" tabindex=\"-1\" class=\" wp-block-navigation-item has-child open-on-hover-click wp-block-navigation-submenu\"><a class=\"wp-block-navigation-item__content\" href=\"https:\/\/www.ehu.eus\/cdsea\/web\/index.php\/agenda-de-actividades-2018\/\">Agenda de actividades<\/a><button data-wp-bind--aria-expanded=\"state.isMenuOpen\" data-wp-on-async--click=\"actions.toggleMenuOnClick\" aria-label=\"Submen\u00fa de Agenda de actividades\" class=\"wp-block-navigation__submenu-icon wp-block-navigation-submenu__toggle\" ><svg xmlns=\"http:\/\/www.w3.org\/2000\/svg\" width=\"12\" height=\"12\" viewBox=\"0 0 12 12\" fill=\"none\" aria-hidden=\"true\" focusable=\"false\"><path d=\"M1.50002 4L6.00002 8L10.5 4\" stroke-width=\"1.5\"><\/path><\/svg><\/button><ul data-wp-on-async--focus=\"actions.openMenuOnFocus\" class=\"wp-block-navigation__submenu-container has-background has-base-background-color wp-block-navigation-submenu\"><li class=\" wp-block-navigation-item wp-block-navigation-link\"><a class=\"wp-block-navigation-item__content\"  href=\"https:\/\/www.ehu.eus\/cdsea\/web\/index.php\/actividades-2021-2-2\/\"><span class=\"wp-block-navigation-item__label\">Actividades 2023<\/span><\/a><\/li><li class=\" wp-block-navigation-item wp-block-navigation-link\"><a class=\"wp-block-navigation-item__content\"  href=\"https:\/\/www.ehu.eus\/cdsea\/web\/index.php\/actividades-2021-2\/\"><span class=\"wp-block-navigation-item__label\">Actividades 2022<\/span><\/a><\/li><li class=\" wp-block-navigation-item wp-block-navigation-link\"><a class=\"wp-block-navigation-item__content\"  href=\"https:\/\/www.ehu.eus\/cdsea\/web\/index.php\/actividades-2021\/\"><span class=\"wp-block-navigation-item__label\">Actividades 2021<\/span><\/a><\/li><li class=\" wp-block-navigation-item wp-block-navigation-link\"><a class=\"wp-block-navigation-item__content\"  href=\"https:\/\/www.ehu.eus\/cdsea\/web\/index.php\/actividades-2020\/\"><span class=\"wp-block-navigation-item__label\">Actividades 2020<\/span><\/a><\/li><li class=\" wp-block-navigation-item wp-block-navigation-link\"><a class=\"wp-block-navigation-item__content\"  href=\"https:\/\/www.ehu.eus\/cdsea\/web\/index.php\/agenda-de-actividades-2019\/\"><span class=\"wp-block-navigation-item__label\">Actividades 2019<\/span><\/a><\/li><li class=\" wp-block-navigation-item wp-block-navigation-link\"><a class=\"wp-block-navigation-item__content\"  href=\"https:\/\/www.ehu.eus\/cdsea\/web\/index.php\/agenda-de-actividades-2018-2\/\"><span class=\"wp-block-navigation-item__label\">Actividades 2018<\/span><\/a><\/li><li class=\" wp-block-navigation-item wp-block-navigation-link\"><a class=\"wp-block-navigation-item__content\"  href=\"https:\/\/www.ehu.eus\/cdsea\/web\/index.php\/agenda-de-actividades-2017-2\/\"><span class=\"wp-block-navigation-item__label\">Actividades 2017<\/span><\/a><\/li><li class=\" wp-block-navigation-item wp-block-navigation-link\"><a class=\"wp-block-navigation-item__content\"  href=\"https:\/\/www.ehu.eus\/cdsea\/web\/index.php\/actividades-2016\/\"><span class=\"wp-block-navigation-item__label\">Actividades 2016<\/span><\/a><\/li><\/ul><\/li><\/ul>\n\t\t\t\t\t\t\t<\/div>\n\t\t\t\t\t\t<\/div>\n\t\t\t\t\t<\/div>\n\t\t\t\t<\/div><\/nav><\/div>\n\n\n\n<div class=\"wp-block-column is-layout-flow wp-block-column-is-layout-flow\" style=\"flex-basis:66.66%\">\n<p class=\"has-gradient-3-gradient-background has-background\"><strong>ACTIVIDADES ORGANIZADAS POR LA C\u00c1TEDRA<\/strong><\/p>\n\n\n\n<p><strong>18\/12\/18: <\/strong><a href=\"http:\/\/www.ehu.eus\/cdsea\/web\/index.php\/lectura-defensa-de-tesis-sobre-evaluacion-y-valoracion-de-los-servicios-de-los-ecosistemas-en-el-sistema-socio-ecologico-de-la-reserva-de-urdaibai-2\/\">Lectura\/Defensa de Tesis sobre Evaluaci\u00f3n y Valoraci\u00f3n de los Servicios de los Ecosistemas en el Sistema Socio-Ecol\u00f3gica de la Reserva de la Biosfera de Urdaibai.<\/a><\/p>\n\n\n\n<p><strong>Diciembre 2018:<\/strong> <a href=\"http:\/\/www.ehu.eus\/cdsea\/web\/index.php\/clausurada-3aedicion-curso-sobre-servicios-de-los-ecosistemas-y-bienestar-humano-en-euskadi\/\">Clausurada 3\u00aaedici\u00f3n curso sobre \u201cServicios de los Ecosistemas y Bienestar Humano en Euskadi\u201d<\/a><\/p>\n\n\n\n<p><strong>30\/11\/18:<\/strong> Publicaci\u00f3n de art\u00edculo: <a href=\"https:\/\/link.springer.com\/article\/10.1007\/s10980-018-0745-6?wt_mc=Internal.Event.1.SEM.ArticleAuthorOnlineFirst&amp;utm_source=ArticleAuthorOnlineFirst&amp;utm_medium=email&amp;utm_content=AA_en_06082018&amp;ArticleAuthorOnlineFirst_20181203\">The ecosystem services concept: a new Esperanto to facilitate participatory planning processes?<\/a><\/p>\n\n\n\n<p><strong>23\/11\/18:<\/strong> Publicaci\u00f3n del art\u00edculo: <a href=\"http:\/\/www.ehu.eus\/cdsea\/web\/index.php\/publicaciones\/publicaciones-cientificas\/\"><strong>Analysing the Synergies and Trade-offs between Ecosystem Services to Reorient Land Use Planning in Metropolitan Bilbao (Northern Spain).<\/strong><\/a><\/p>\n\n\n\n<p><strong>Noviembre 2018: <\/strong><a href=\"http:\/\/www.ehu.eus\/cdsea\/web\/index.php\/postales-y-posters-en-el-marco-del-proyecto-evaluacion-de-los-servicios-de-los-ecosistemas-de-euskadi\/\">Postales y p\u00f3sters en el marco del proyecto \u201cEvaluaci\u00f3n de los Servicios de los Ecosistemas de Euskadi<\/a><\/p>\n\n\n\n<p><strong>Octubre 2018:<\/strong> <a href=\"http:\/\/www.ehu.eus\/cdsea\/web\/index.php\/octubre-2018-curso-basico-on-line-servicios-de-los-ecosistemas-y-bienestar-humano-en-euskadi\/\">Curso b\u00e1sico On line: Servicios de los Ecosistemas y Bienestar Humano en Euskadi<\/a><\/p>\n\n\n\n<p><strong>18\/09\/2018<\/strong>: <a href=\"http:\/\/www.ehu.eus\/cdsea\/web\/index.php\/18-09-2018-defensa-trabajos-fin-de-master-2017-2018\/\">Defensa Trabajos de Fin de M\u00e1ster (2017-2018)<\/a><\/p>\n\n\n\n<p><strong>Septiembre\/2018<\/strong>: <a href=\"http:\/\/www.ehu.eus\/cdsea\/web\/index.php\/boletin-septiembre-sobre-servicios-de-los-ecosistemas-de-euskadi\/\">Bolet\u00edn <strong>SEPTIEMBRE<\/strong> sobre Servicios de los Ecosistemas de Euskadi.<\/a><\/p>\n\n\n\n<p><strong>25\/07\/18<\/strong>: Publicaci\u00f3n de art\u00edculo en la revista Land Use Policy:&nbsp;<a href=\"https:\/\/www.sciencedirect.com\/science\/article\/pii\/S026483771630638X\"> <em>Land use efficiency through analysis of agrological capacity and ecosystem services in an industrialized region (Biscay, Spain)<\/em><\/a><\/p>\n\n\n\n<p><strong>09\/07\/18:<\/strong> Estrenamos <a href=\"https:\/\/www.facebook.com\/cdseaehu\/\">Facebook <\/a>y <a href=\"https:\/\/twitter.com\/cdseaehu\">Twitter<\/a><\/p>\n\n\n\n<p><strong>20\/06\/2018:<\/strong> Publicaci\u00f3n de art\u00edculo en la revista SciencieDirect: <a href=\"https:\/\/www.sciencedirect.com\/science\/article\/pii\/S1470160X18304448\"><em>A comprehensive assessment of ecosystem services: Integrating supply, demand and interest in the Urdaibai Biosphere Reserve<\/em><\/a><\/p>\n\n\n\n<p><strong>Mayo\/2018:<\/strong> <a href=\"http:\/\/www.ehu.eus\/cdsea\/web\/index.php\/boletin-mayo-sobre-servicios-de-los-ecosistemas-de-euskadi\/\"><strong>Bolet\u00edn MAYO<\/strong> sobre Servicios de los Ecosistemas de Euskadi<\/a><\/p>\n\n\n\n<p><strong>Febrero-Abril\/2018: <\/strong><a href=\"http:\/\/www.ehu.eus\/cdsea\/web\/index.php\/curso-online-para-profesorado-sobre-servicios-de-los-ecosistemas\/\">Curso online para profesorado sobre Servicios de los Ecosistemas<\/a><\/p>\n\n\n\n<p><strong>10\/01\/2018: <\/strong>Publicaci\u00f3n del art\u00edculo en la revista FORESTS:&nbsp;<a href=\"http:\/\/www.ehu.eus\/cdsea\/web\/wp-content\/uploads\/2017\/03\/Arti%CC%81culo-completo-GLORIA-RODRIGUEZ.pdf\" target=\"_blank\" rel=\"noreferrer noopener\"><em>Identifying Green Infrastructure as a Basis for an Incentive Mechanism at the Municipality Level in Biscay (Basque Country)<\/em><\/a><\/p>\n\n\n\n<p class=\"has-gradient-3-gradient-background has-background\"><strong>ACTIVIDADES EN LAS QUE HA PARTICIPADO LA C\u00c1TEDRA<\/strong><\/p>\n\n\n\n<p><strong>23\/11\/18: <\/strong><a href=\"http:\/\/www.ehu.eus\/cdsea\/web\/index.php\/foro-cambio-climatico\/\">Foro Cambio Clim\u00e1tico<\/a><\/p>\n\n\n\n<p><strong>21\/11\/18: <\/strong><a href=\"http:\/\/www.ehu.eus\/cdsea\/web\/index.php\/curso-economia-ecologica\/\">Curso econom\u00eda ecol\u00f3gica<\/a><\/p>\n\n\n\n<p><strong>21\/11\/18: <\/strong><a href=\"http:\/\/www.ehu.eus\/cdsea\/web\/index.php\/jornadas-sobre-turismo-sostenible-y-ods\/\">Jornadas sobre Turismo Sostenible y ODS<\/a><\/p>\n\n\n\n<p><strong>24-25\/10\/18: <\/strong><a href=\"http:\/\/www.ehu.eus\/cdsea\/web\/index.php\/i-congreso-de-estudiantes-de-la-upv-ehu\/\">I. Congreso de Estudiantes de la UPV\/EHU<\/a><\/p>\n\n\n\n<p><strong>2018-2020<\/strong><strong>:<\/strong> <a href=\"http:\/\/www.ehu.eus\/cdsea\/web\/index.php\/participacion-de-la-catedra-en-proyecto-europeo-erasmus\/\">Participaci\u00f3n de la C\u00e1tedra en Proyecto Europeo ERASMUS+<\/a><\/p>\n\n\n\n<p><strong>15-19\/10\/18<\/strong>: <a href=\"http:\/\/www.ehu.eus\/cdsea\/web\/index.php\/15-19-10-2018-conferencia-regional-ecosystem-services-in-a-changing-world-moving-to-theory-to-practice\/\">Conferencia Regional: Ecosystem Services in a changing world: moving to theory to practice<\/a><\/p>\n\n\n\n<p><strong>23\/09\/2018: <\/strong><a href=\"http:\/\/www.ehu.eus\/cdsea\/web\/index.php\/23-09-2018-2018-ano-europeo-del-patrimonio-cultural\/\">A\u00f1o Europeo del Patrimonio Cultural<\/a><\/p>\n\n\n\n<p><strong>09-13\/09\/18:<\/strong> <a href=\"http:\/\/www.ehu.eus\/cdsea\/web\/index.php\/ser-european-conference-2018-restoration-in-the-era-of-climate-change\/\">SER European Conference 2018: Restoration in the Era of Climate Change<\/a><\/p>\n\n\n\n<p><strong>23\/07\/2018: <\/strong><a href=\"http:\/\/www.ehu.eus\/cdsea\/web\/index.php\/23-07-18-firma-de-convenio-entre-gobierno-vasco-y-la-upv-ehu-para-la-mejora-y-difusion-del-patrimonio-natural-de-euskadi\/\">Firma de Convenio entre Gobierno Vasco y la UPV\/EHU para la mejora y difusi\u00f3n del patrimonio natural de Euskadi.<\/a><\/p>\n\n\n\n<p><strong>13\/07\/2018: <\/strong><a href=\"http:\/\/www.ehu.eus\/cdsea\/web\/index.php\/participacion-de-la-catedra-unesco-en-el-foro-partnership-exchange-de-naciones-unidas\/\">Participaci\u00f3n de la C\u00e1tedra UNESCO en el foro <strong><em>Partnership Exchange<\/em> de Naciones Unidas<\/strong><\/a><\/p>\n\n\n\n<p><strong>15\/06\/2018: <\/strong><a href=\"http:\/\/www.ehu.eus\/cdsea\/web\/index.php\/jornadas-sobre-gastronomia-y-desarrollo-sostenible\/\">Jornadas sobre Gastronom\u00eda y Desarrollo Sostenible<\/a><\/p>\n\n\n\n<p><strong>05\/06\/2018: <\/strong><a href=\"http:\/\/www.ehu.eus\/cdsea\/web\/index.php\/dia-internacional-del-medio-ambiente-participacion-de-miren-onaindia-en-radio-euskadi\/\"><strong>D\u00eda Internacional del Medio Ambiente:<\/strong> participaci\u00f3n de Miren Onaindia en Radio Euskadi<\/a><\/p>\n\n\n\n<p><strong>04\/06\/2018: <\/strong><a href=\"http:\/\/www.ehu.eus\/cdsea\/web\/wp-content\/uploads\/2017\/03\/Ayuntamiento-Eibar.pdf\">Conferencia \u201cNaturaleza, base del bienestar\u201d<\/a><\/p>\n\n\n\n<p><strong>28\/05\/2018: <\/strong><a href=\"http:\/\/www.ehu.eus\/cdsea\/web\/index.php\/el-proyecto-servicios-de-los-ecosistemas-de-euskadi-seleccionado-como-buena-practica-por-el-proyecto-europeo-interreg-bid-rex\/\">El proyecto \u201cServicios de los Ecosistemas de Euskadi\u201d seleccionado como buena pr\u00e1ctica por el proyecto europeo INTERREG BID-Rex<\/a><\/p>\n\n\n\n<p><strong>25\/05\/2018:<\/strong> <a href=\"http:\/\/www.ehu.eus\/cdsea\/web\/index.php\/firma-de-la-declaracion-de-salamanca-sobre-los-ods\/\">Firma de la Declaraci\u00f3n de Salamanca sobre los ODS<\/a><\/p>\n\n\n\n<p><strong>21\/05\/2018:<\/strong> <a href=\"http:\/\/www.ehu.eus\/cdsea\/web\/index.php\/dont-leave-food-on-the-plate-take-it-home-with-you\/\">\u201cNo dejes la comida en el plato, \u00a1ll\u00e9vatela!\u201d<\/a><\/p>\n\n\n\n<p><strong>16\/05\/2018:<\/strong> <a href=\"http:\/\/www.ehu.eus\/cdsea\/web\/index.php\/sdg-lab-campus-uam\/\">SDG Lab Campus UAM<\/a><\/p>\n\n\n\n<p><strong>Mayo 2018:<\/strong> <a href=\"http:\/\/www.ehu.eus\/cdsea\/web\/index.php\/participacion-de-alumna-del-master-en-video-sobre-sostenibilidad\/\">Participaci\u00f3n de alumna del m\u00e1ster en video sobre sostenibilidad<\/a><\/p>\n\n\n\n<p><strong>20\/04\/2018: <\/strong><a href=\"http:\/\/www.ehu.eus\/cdsea\/web\/index.php\/conferencia-debate-soluciones-basadas-en-la-naturaleza-una-respuesta-al-cambio-global\/\">Conferencia-debate \u201cSoluciones basadas en la naturaleza, una respuesta al cambio global\u201d<\/a><\/p>\n\n\n\n<p><strong>Abril\/2018: <\/strong><a href=\"http:\/\/www.ehu.eus\/cdsea\/web\/index.php\/colaboracion-con-elhuyar-en-la-zientzia-azoka\/\">Colaboraci\u00f3n con Elhuyar en la Zientzia Azoka<\/a><\/p>\n\n\n\n<p><strong>19-22\/03\/2018: <\/strong><a href=\"http:\/\/www.ehu.eus\/cdsea\/web\/index.php\/2018-natural-capital-symposium\/\">2018Natural Capital Symposium<\/a><\/p>\n\n\n\n<p><strong>19\/03\/2018: <\/strong><a href=\"http:\/\/www.ehu.eus\/cdsea\/web\/index.php\/ehus-euskal-herriko-unesco-sarea\/\">EHUS-Euskal Herriko UNESCO Sarea<\/a><\/p>\n\n\n\n<p><strong>17\/03\/2018: <\/strong><a href=\"http:\/\/www.ehu.eus\/cdsea\/web\/index.php\/master-astea-2018\/\" target=\"_blank\" rel=\"noreferrer noopener\">MASTER Astea 2018: Presentaci\u00f3n del M\u00e1ster en Medio Ambiente, Sostenibilidad y ODS<\/a><\/p>\n\n\n\n<p><strong>13\/02\/2018:&nbsp;<\/strong><a href=\"http:\/\/www.ehu.eus\/cdsea\/web\/index.php\/resultados-del-proyecto-dialogosrb-net-conocimientos-practicos-para-un-desarrollo-sostenible\/\">Resultados del proyecto <strong>PROYECTO DI\u00c1LOGOSRB.net<\/strong>. Conocimientos pr\u00e1cticos para un desarrollo sostenible<\/a><\/p>\n<\/div>\n<\/div>\n","protected":false},"excerpt":{"rendered":"<p>ACTIVIDADES ORGANIZADAS POR LA C\u00c1TEDRA 18\/12\/18: Lectura\/Defensa de Tesis sobre Evaluaci\u00f3n y Valoraci\u00f3n de los Servicios de los Ecosistemas en el Sistema Socio-Ecol\u00f3gica de la Reserva de la Biosfera de Urdaibai. Diciembre 2018: Clausurada 3\u00aaedici\u00f3n curso sobre \u201cServicios de los Ecosistemas y Bienestar Humano en Euskadi\u201d 30\/11\/18: Publicaci\u00f3n de art\u00edculo: The ecosystem services concept: a [&hellip;]<\/p>\n","protected":false},"author":4,"featured_media":0,"parent":0,"menu_order":0,"comment_status":"closed","ping_status":"closed","template":"","meta":{"footnotes":""},"class_list":["post-8528","page","type-page","status-publish","hentry"],"_links":{"self":[{"href":"https:\/\/www.ehu.eus\/cdsea\/web\/index.php\/wp-json\/wp\/v2\/pages\/8528"}],"collection":[{"href":"https:\/\/www.ehu.eus\/cdsea\/web\/index.php\/wp-json\/wp\/v2\/pages"}],"about":[{"href":"https:\/\/www.ehu.eus\/cdsea\/web\/index.php\/wp-json\/wp\/v2\/types\/page"}],"author":[{"embeddable":true,"href":"https:\/\/www.ehu.eus\/cdsea\/web\/index.php\/wp-json\/wp\/v2\/users\/4"}],"replies":[{"embeddable":true,"href":"https:\/\/www.ehu.eus\/cdsea\/web\/index.php\/wp-json\/wp\/v2\/comments?post=8528"}],"version-history":[{"count":13,"href":"https:\/\/www.ehu.eus\/cdsea\/web\/index.php\/wp-json\/wp\/v2\/pages\/8528\/revisions"}],"predecessor-version":[{"id":18178,"href":"https:\/\/www.ehu.eus\/cdsea\/web\/index.php\/wp-json\/wp\/v2\/pages\/8528\/revisions\/18178"}],"wp:attachment":[{"href":"https:\/\/www.ehu.eus\/cdsea\/web\/index.php\/wp-json\/wp\/v2\/media?parent=8528"}],"curies":[{"name":"wp","href":"https:\/\/api.w.org\/{rel}","templated":true}]}}