{"id":8538,"date":"2020-03-25T12:45:43","date_gmt":"2020-03-25T12:45:43","guid":{"rendered":"http:\/\/www.ehu.eus\/cdsea\/web\/?page_id=8538"},"modified":"2024-08-14T12:22:40","modified_gmt":"2024-08-14T10:22:40","slug":"agenda-de-actividades-2019","status":"publish","type":"page","link":"https:\/\/www.ehu.eus\/cdsea\/web\/index.php\/agenda-de-actividades-2019\/","title":{"rendered":"Agenda de Actividades 2019"},"content":{"rendered":"\n<div class=\"wp-block-columns alignwide is-layout-flex wp-container-core-columns-is-layout-1 wp-block-columns-is-layout-flex\">\n<div class=\"wp-block-column is-layout-flow wp-block-column-is-layout-flow\" style=\"flex-basis:33.33%\"><nav class=\"has-background has-base-background-color is-responsive items-justified-center wp-block-navigation is-content-justification-center is-layout-flex wp-container-core-navigation-is-layout-1 wp-block-navigation-is-layout-flex\" aria-label=\"Men\u00fa Agenda Actividades\" \n\t\t data-wp-interactive=\"core\/navigation\" data-wp-context='{\"overlayOpenedBy\":{\"click\":false,\"hover\":false,\"focus\":false},\"type\":\"overlay\",\"roleAttribute\":\"\",\"ariaLabel\":\"Men\\u00fa\"}'><button aria-haspopup=\"dialog\" aria-label=\"Abrir el men\u00fa\" class=\"wp-block-navigation__responsive-container-open \" \n\t\t\t\tdata-wp-on-async--click=\"actions.openMenuOnClick\"\n\t\t\t\tdata-wp-on--keydown=\"actions.handleMenuKeydown\"\n\t\t\t><svg width=\"24\" height=\"24\" xmlns=\"http:\/\/www.w3.org\/2000\/svg\" viewBox=\"0 0 24 24\" aria-hidden=\"true\" focusable=\"false\"><rect x=\"4\" y=\"7.5\" width=\"16\" height=\"1.5\" \/><rect x=\"4\" y=\"15\" width=\"16\" height=\"1.5\" \/><\/svg><\/button>\n\t\t\t\t<div class=\"wp-block-navigation__responsive-container  has-background has-base-background-color\"  id=\"modal-1\" \n\t\t\t\tdata-wp-class--has-modal-open=\"state.isMenuOpen\"\n\t\t\t\tdata-wp-class--is-menu-open=\"state.isMenuOpen\"\n\t\t\t\tdata-wp-watch=\"callbacks.initMenu\"\n\t\t\t\tdata-wp-on--keydown=\"actions.handleMenuKeydown\"\n\t\t\t\tdata-wp-on-async--focusout=\"actions.handleMenuFocusout\"\n\t\t\t\ttabindex=\"-1\"\n\t\t\t>\n\t\t\t\t\t<div class=\"wp-block-navigation__responsive-close\" tabindex=\"-1\">\n\t\t\t\t\t\t<div class=\"wp-block-navigation__responsive-dialog\" \n\t\t\t\tdata-wp-bind--aria-modal=\"state.ariaModal\"\n\t\t\t\tdata-wp-bind--aria-label=\"state.ariaLabel\"\n\t\t\t\tdata-wp-bind--role=\"state.roleAttribute\"\n\t\t\t>\n\t\t\t\t\t\t\t<button aria-label=\"Cerrar el men\u00fa\" class=\"wp-block-navigation__responsive-container-close\" \n\t\t\t\tdata-wp-on-async--click=\"actions.closeMenuOnClick\"\n\t\t\t><svg xmlns=\"http:\/\/www.w3.org\/2000\/svg\" viewBox=\"0 0 24 24\" width=\"24\" height=\"24\" aria-hidden=\"true\" focusable=\"false\"><path d=\"M13 11.8l6.1-6.3-1-1-6.1 6.2-6.1-6.2-1 1 6.1 6.3-6.5 6.7 1 1 6.5-6.6 6.5 6.6 1-1z\"><\/path><\/svg><\/button>\n\t\t\t\t\t\t\t<div class=\"wp-block-navigation__responsive-container-content\" \n\t\t\t\tdata-wp-watch=\"callbacks.focusFirstElement\"\n\t\t\t id=\"modal-1-content\">\n\t\t\t\t\t\t\t\t<ul class=\"wp-block-navigation__container has-background has-base-background-color is-responsive items-justified-center wp-block-navigation\"><li data-wp-context=\"{ &quot;submenuOpenedBy&quot;: { &quot;click&quot;: false, &quot;hover&quot;: false, &quot;focus&quot;: false }, &quot;type&quot;: &quot;submenu&quot; }\" data-wp-interactive=\"core\/navigation\" data-wp-on--focusout=\"actions.handleMenuFocusout\" data-wp-on--keydown=\"actions.handleMenuKeydown\" data-wp-on-async--mouseenter=\"actions.openMenuOnHover\" data-wp-on-async--mouseleave=\"actions.closeMenuOnHover\" data-wp-watch=\"callbacks.initMenu\" tabindex=\"-1\" class=\" wp-block-navigation-item has-child open-on-hover-click wp-block-navigation-submenu\"><a class=\"wp-block-navigation-item__content\" href=\"https:\/\/www.ehu.eus\/cdsea\/web\/index.php\/agenda-de-actividades-2018\/\">Agenda de actividades<\/a><button data-wp-bind--aria-expanded=\"state.isMenuOpen\" data-wp-on-async--click=\"actions.toggleMenuOnClick\" aria-label=\"Submen\u00fa de Agenda de actividades\" class=\"wp-block-navigation__submenu-icon wp-block-navigation-submenu__toggle\" ><svg xmlns=\"http:\/\/www.w3.org\/2000\/svg\" width=\"12\" height=\"12\" viewBox=\"0 0 12 12\" fill=\"none\" aria-hidden=\"true\" focusable=\"false\"><path d=\"M1.50002 4L6.00002 8L10.5 4\" stroke-width=\"1.5\"><\/path><\/svg><\/button><ul data-wp-on-async--focus=\"actions.openMenuOnFocus\" class=\"wp-block-navigation__submenu-container has-background has-base-background-color wp-block-navigation-submenu\"><li class=\" wp-block-navigation-item wp-block-navigation-link\"><a class=\"wp-block-navigation-item__content\"  href=\"https:\/\/www.ehu.eus\/cdsea\/web\/index.php\/actividades-2021-2-2\/\"><span class=\"wp-block-navigation-item__label\">Actividades 2023<\/span><\/a><\/li><li class=\" wp-block-navigation-item wp-block-navigation-link\"><a class=\"wp-block-navigation-item__content\"  href=\"https:\/\/www.ehu.eus\/cdsea\/web\/index.php\/actividades-2021-2\/\"><span class=\"wp-block-navigation-item__label\">Actividades 2022<\/span><\/a><\/li><li class=\" wp-block-navigation-item wp-block-navigation-link\"><a class=\"wp-block-navigation-item__content\"  href=\"https:\/\/www.ehu.eus\/cdsea\/web\/index.php\/actividades-2021\/\"><span class=\"wp-block-navigation-item__label\">Actividades 2021<\/span><\/a><\/li><li class=\" wp-block-navigation-item wp-block-navigation-link\"><a class=\"wp-block-navigation-item__content\"  href=\"https:\/\/www.ehu.eus\/cdsea\/web\/index.php\/actividades-2020\/\"><span class=\"wp-block-navigation-item__label\">Actividades 2020<\/span><\/a><\/li><li class=\" wp-block-navigation-item wp-block-navigation-link\"><a class=\"wp-block-navigation-item__content\"  href=\"https:\/\/www.ehu.eus\/cdsea\/web\/index.php\/agenda-de-actividades-2019\/\"><span class=\"wp-block-navigation-item__label\">Actividades 2019<\/span><\/a><\/li><li class=\" wp-block-navigation-item wp-block-navigation-link\"><a class=\"wp-block-navigation-item__content\"  href=\"https:\/\/www.ehu.eus\/cdsea\/web\/index.php\/agenda-de-actividades-2018-2\/\"><span class=\"wp-block-navigation-item__label\">Actividades 2018<\/span><\/a><\/li><li class=\" wp-block-navigation-item wp-block-navigation-link\"><a class=\"wp-block-navigation-item__content\"  href=\"https:\/\/www.ehu.eus\/cdsea\/web\/index.php\/agenda-de-actividades-2017-2\/\"><span class=\"wp-block-navigation-item__label\">Actividades 2017<\/span><\/a><\/li><li class=\" wp-block-navigation-item wp-block-navigation-link\"><a class=\"wp-block-navigation-item__content\"  href=\"https:\/\/www.ehu.eus\/cdsea\/web\/index.php\/actividades-2016\/\"><span class=\"wp-block-navigation-item__label\">Actividades 2016<\/span><\/a><\/li><\/ul><\/li><\/ul>\n\t\t\t\t\t\t\t<\/div>\n\t\t\t\t\t\t<\/div>\n\t\t\t\t\t<\/div>\n\t\t\t\t<\/div><\/nav><\/div>\n\n\n\n<div class=\"wp-block-column is-layout-flow wp-block-column-is-layout-flow\" style=\"flex-basis:66.66%\">\n<figure class=\"wp-block-table\"><table class=\"has-gradient-3-gradient-background has-background\"><tbody><tr><td><strong>ACTIVIDADES DE LA C\u00c1TEDRA<\/strong><\/td><\/tr><\/tbody><\/table><\/figure>\n\n\n\n<ul class=\"wp-block-list\">\n<li><strong>Diciembre 2019: <\/strong><a href=\"http:\/\/www.unescoetxea.org\/dokumentuak\/boletin_ecoEuskadi6.htm\">Bolet\u00edn DICIEMBRE sobre Servicios de los Ecosistemas de Euskadi<\/a><\/li>\n\n\n\n<li><strong>20\/12\/19: <\/strong><a href=\"http:\/\/www.ehu.eus\/cdsea\/web\/index.php\/unidad-didactica-cast\/\">Unidad did\u00e1ctica: los Servicios de los Ecosistemas. \u00bfSabemos lo que nos ofrece nuestro entorno?<\/a><\/li>\n\n\n\n<li><strong>22\/11\/19: <\/strong><a href=\"http:\/\/www.ehu.eus\/cdsea\/web\/index.php\/encuestas\/\">Encuestas sobre ense\u00f1anza de los servicios de los ecosistemas<\/a><\/li>\n\n\n\n<li><strong>18\/11\/19: <\/strong><a href=\"http:\/\/www.ehu.eus\/cdsea\/web\/index.php\/10752-2\/\">Finalizado el curso online sobre Servicios de los Ecosistemas y Bienestar Humano en Euskadi<\/a><\/li>\n\n\n\n<li><strong>Octubre 2019: <\/strong><a href=\"http:\/\/www.unescoetxea.org\/dokumentuak\/boletin_ecoEuskadi5.htm\">Bolet\u00edn OCTUBRE sobre Servicios de los Ecosistemas de Euskadi<\/a><\/li>\n\n\n\n<li><strong>11\/10\/19: <\/strong><a href=\"http:\/\/www.ehu.eus\/cdsea\/web\/index.php\/curso-basico-on-line-4a-edicion\/\">Curso b\u00e1sico online (4\u00aaedici\u00f3n): Servicios de los Ecosistemas y Bienestar Humano en Euskadi<\/a><\/li>\n\n\n\n<li><strong>10\/10\/19:\u00a0<\/strong><a href=\"http:\/\/www.ehu.eus\/cdsea\/web\/index.php\/investigacion\/servicios-ecosistema-euskadi\/difusion\/material-divulgativo\/\">Video: <em>Naturaleza, base del bienestar<\/em> (nuevo material divulgativo del proyecto Evaluaci\u00f3n de los Servicios de los Ecosistemas de Euskadi)<\/a><\/li>\n\n\n\n<li><strong>17\/07\/19:<\/strong> <a href=\"http:\/\/www.euskonews.eus\/zbk\/741\/gestion-sostenible-de-la-biodiversidad-y-los-ecosistemas\/ar-0741001002C\/#.XTA0zQjv1xM.twitter\">Art\u00edculo de Miren Onaindia sobre <em>Gesti\u00f3n sostenible de la Biodiversidad y los Ecosistemas<\/em><\/a><\/li>\n\n\n\n<li><strong>Junio 2019:<\/strong> <a href=\"http:\/\/www.unescoetxea.org\/dokumentuak\/boletin_ecoEuskadi4.htm\">Bolet\u00edn JUNIO sobre Servicios de los Ecosistemas de Euskadi<\/a><\/li>\n\n\n\n<li><strong>11\/06\/19: <\/strong><a href=\"https:\/\/play.cadenaser.com\/audio\/006RD010000000367976\/?ssm=tw\">Entrevista a Ibone Ametzaga con motivo de la concesi\u00f3n de los XI Premios BBVA Fronteras del Conocimiento: Ecolog\u00eda y Biolog\u00eda<\/a><\/li>\n\n\n\n<li><strong>31\/05\/19: <\/strong><a href=\"http:\/\/www.ehu.eus\/cdsea\/web\/wp-content\/uploads\/2017\/03\/sustainability-11-03092.pdf\">Publicaci\u00f3n art\u00edculo: <em>Linking Biophysical and Economic Assessments of Ecosystem Services for a Social\u2013Ecological Approach to Conservation Planning: Application in a Biosphere Reserve (Biscay, Spain)<\/em><\/a><\/li>\n\n\n\n<li><strong>25\/03\/19: <\/strong><a href=\"https:\/\/www.eitb.eus\/eu\/irratia\/euskadi-irratia\/programak\/mezularia\/osoa\/6291758\/naturak-zikloak-ditu-eta-barneratuta-ditu-hondamendi-naturalen-kalteak-\/\">Entrevista a Ibone Ametzaga en Euskadi Irratia<\/a><\/li>\n\n\n\n<li><strong>05\/03\/19: <\/strong><a href=\"http:\/\/www.canalsur.es\/radio\/programas\/la-mirada\/detalle\/418658.html\">Participaci\u00f3n de Miren Onaindia en el programa de radio<em> La Mirada<\/em> d<\/a><a href=\"http:\/\/www.canalsur.es\/radio\/programas\/la-mirada\/detalle\/418658.html\">e Canal Sur<\/a><\/li>\n\n\n\n<li><strong>03\/03\/19: <\/strong><a href=\"https:\/\/www.ehu.eus\/es\/-\/martxoaren-3a-basabizitzaren-mundu-eguna\">D\u00eda Mundial de la Vida Silvestre: entrevista a Leire M\u00e9ndez (investigadora de la C\u00e1tedra UNESCO)<\/a><\/li>\n\n\n\n<li><strong>02\/01\/19: <\/strong>Publicaci\u00f3n del art\u00edculo:\u00a0<a href=\"https:\/\/www.sciencedirect.com\/science\/article\/pii\/S2351989418303524\">Traditional ecological knowledge and medicinal plant diversity in Ecuadorian Amazon home gardens<\/a><\/li>\n<\/ul>\n\n\n\n<figure class=\"wp-block-table\"><table class=\"has-gradient-3-gradient-background has-background\"><tbody><tr><td><strong>ACTIVIDADES EN LAS QUE PARTICIPA LA C\u00c1TEDRA<\/strong><\/td><\/tr><\/tbody><\/table><\/figure>\n\n\n\n<ul class=\"wp-block-list\">\n<li><strong>13\/12\/19:<\/strong> <a href=\"http:\/\/www.ehu.eus\/cdsea\/web\/index.php\/10795-2\/\">ODS y Educaci\u00f3n para la sostenibilidad en escuelas rurales de Uganda<\/a><\/li>\n\n\n\n<li><strong>11\/12\/19:<\/strong> <a href=\"http:\/\/www.ehu.eus\/cdsea\/web\/index.php\/miren-onaindia-copernicus\/\">Miren Onaindia, miembro del Consejo Consultivo de COPERNICUS Alliance<\/a><\/li>\n\n\n\n<li><strong>10\/12\/19:<\/strong> <a href=\"http:\/\/www.ehu.eus\/cdsea\/web\/index.php\/interreg-buenas-practicas-eus\/\">El proyecto Evaluaci\u00f3n de los Servicios de Euskadi reconocido como buena pr\u00e1ctica por INTERREG Europe Policy Learning Platform<\/a><\/li>\n\n\n\n<li><strong>28\/10\/19:<\/strong> <a href=\"http:\/\/www.ehu.eus\/cdsea\/web\/index.php\/conferencia-universidad-de-envigado\/\">Conferencia Universidad de Envigado (Medell\u00edn, Colombia)<\/a><\/li>\n\n\n\n<li><strong>23-25\/10\/19:<\/strong> <a href=\"http:\/\/www.ehu.eus\/cdsea\/web\/index.php\/xv-foro-internacional-de-conservacion-de-la-naturaleza-personas-y-naturaleza\/\">XV Foro internacional de Conservaci\u00f3n de la Naturaleza: Personas y Naturaleza<\/a><\/li>\n\n\n\n<li><strong>21\/10\/2019:<\/strong><a href=\"http:\/\/www.ehu.eus\/cdsea\/web\/index.php\/revista-ehus-magazine\/\"> Revista EHUS Magazine<\/a><\/li>\n\n\n\n<li><strong>16\/10\/19:\u00a0<\/strong><a href=\"http:\/\/www.ehu.eus\/cdsea\/web\/index.php\/10093-2\/\">PROYECTO RENATUR: Improving regional policies to better protect natural heritage of peri-urban open spaces<\/a><\/li>\n\n\n\n<li><strong>24-25\/09\/19: <\/strong><a href=\"http:\/\/www.ehu.eus\/cdsea\/web\/index.php\/10125-2\/\">Conferencia internacional sobre Desarrollo Sostenible<\/a><\/li>\n\n\n\n<li><strong>24\/09\/19: <\/strong><a href=\"http:\/\/www.ehu.eus\/cdsea\/web\/index.php\/aprobadas-directrices-ot-de-la-capv\/\">Aprobadas directrices de Ordenaci\u00f3n Territorial de la CAPV<\/a><\/li>\n\n\n\n<li><strong>29\/07\/19:<\/strong> <a href=\"http:\/\/www.ehu.eus\/cdsea\/web\/index.php\/15th-european-ecological-federation-eef-congress-and-18th-national-speco-meeting\/\">15th European Ecological Federation (EEF) Congress and 18th National SPECO Meeting<\/a><\/li>\n\n\n\n<li><strong>16\/07\/19:<\/strong> <a href=\"http:\/\/www.ehu.eus\/cdsea\/web\/wp-content\/uploads\/2017\/03\/tibetGovLab.pdf\">Miren Onaindia participa en reuni\u00f3n, con delegados del Tibet, para hablar sobre biodiversidad y cambio clim\u00e1tico<\/a><\/li>\n\n\n\n<li><strong>21\/06\/19: <\/strong><a href=\"http:\/\/www.ehu.eus\/cdsea\/web\/index.php\/taller-trabajemos-sobre-el-paisaje\/\">Taller: Trabajemos sobre el Paisaje<\/a><\/li>\n\n\n\n<li><strong>Junio 2019:<\/strong> <a href=\"http:\/\/www.ehu.eus\/cdsea\/web\/index.php\/reconocimiento-al-master-en-medio-ambiente-sostenibilidad-y-ods\/\">Reconocimiento al M\u00e1ster en Medio Ambiente, Sostenibilidad y ODS<\/a><\/li>\n\n\n\n<li><strong>12-14\/06\/19: <\/strong><a href=\"http:\/\/www.ehu.eus\/cdsea\/web\/index.php\/ii-congreso-iberico-de-restauracion-fluvial\/\">II Congreso ib\u00e9rico de Restauraci\u00f3n Fluvial<\/a><\/li>\n\n\n\n<li><strong>13-14\/05\/19: <\/strong><a href=\"http:\/\/www.ehu.eus\/cdsea\/web\/index.php\/i-curso-de-formacion-de-guias-interpretes-del-patrimonio-de-la-rbu\/\">I Curso de Formaci\u00f3n de Gu\u00edas Int\u00e9rpretes del Patrimonio de la RBU<\/a><\/li>\n\n\n\n<li><strong>21-25\/10\/19: <\/strong><a href=\"http:\/\/www.ehu.eus\/cdsea\/web\/index.php\/ecosystem-services-partnership-10-world-conference\/\">Ecosystem Services Partnership 10 World Conference<\/a><\/li>\n\n\n\n<li><strong>03-05\/04\/19: <\/strong><a href=\"http:\/\/www.ehu.eus\/cdsea\/web\/index.php\/euromab-2019\/\">EuroMAB 2019<\/a><\/li>\n\n\n\n<li><strong>29\/03\/19:<\/strong> <a href=\"http:\/\/www.ehu.eus\/cdsea\/web\/index.php\/5o-encuentro-de-euskal-herriko-unesco-sarea-ehus-de-la-euskal-herriko-unesco-sarea-ehus\/\">5\u00ba Encuentro de la Euskal Herriko UNESCO Sarea (EHUS)<\/a><\/li>\n\n\n\n<li><strong>Marzo\/Abril 2019:<\/strong> <a href=\"http:\/\/www.ehu.eus\/cdsea\/web\/index.php\/presentaciones-master-medio-ambiente-sostenibildad-y-ods\/\">Presentaciones m\u00e1ster Medio Ambiente, Sostenibilidad y ODS<\/a><\/li>\n\n\n\n<li><strong>11\/03\/19:<\/strong> <a href=\"http:\/\/www.ehu.eus\/cdsea\/web\/index.php\/foro-adhesion-de-la-reserva-de-la-biosfera-de-urdaibai-a-la-carta-europea-de-turismo-sostenible-cets\/\">II Foro permanente de adhesi\u00f3n de la Reserva de la Biosfera de Urdaibai a la Carta Europea de Turismo Sostenible (CETS)<\/a><\/li>\n\n\n\n<li><strong>06\/03\/19: <\/strong><a href=\"http:\/\/www.ehu.eus\/cdsea\/web\/index.php\/jornadas-en-bardenas-reales-de-navarra\/\">Jornadas en Bardenas Reales de Navarra<\/a><\/li>\n\n\n\n<li><strong>06\/03\/19: <\/strong><a href=\"http:\/\/www.ehu.eus\/cdsea\/web\/index.php\/participacion-en-la-conferencia-internacional-de-cambio-climatico-change-the-change\/\">Conferencia internacional de Cambio Clim\u00e1tico <em>\u00abChange the Change\u00bb<\/em><\/a><\/li>\n\n\n\n<li><strong>13-15\/11\/19: <\/strong><a href=\"http:\/\/www.ehu.eus\/cdsea\/web\/wp-content\/uploads\/2017\/03\/1-ZIRKULARRA-UIK-castellano.pdf\">Congresointernacional: <em>Creando puentes entre la ciencia y la gesti\u00f3n en las reservas de la biosfera. <\/em><\/a><a href=\"http:\/\/www.ehu.eus\/cdsea\/web\/wp-content\/uploads\/2017\/03\/1-ZIRKULARRA-UIK-castellano.pdf\">1\u00aa circular<\/a><\/li>\n\n\n\n<li><strong>04-07\/02\/19: <\/strong><a href=\"http:\/\/www.ehu.eus\/cdsea\/web\/index.php\/reunion-sociedad-iberica\/\">Primera reuni\u00f3n de la Sociedad Ib\u00e9rica de Ecolog\u00eda &amp; XIV Reuni\u00f3n de la AEET de Ecolog\u00eda<\/a><\/li>\n\n\n\n<li><strong>25\/01\/19: <\/strong><a href=\"http:\/\/www.ehu.eus\/cdsea\/web\/index.php\/8423-2\/\">Reuni\u00f3n C\u00e1tedras UNESCO de la UPV\/EHU<\/a><\/li>\n<\/ul>\n<\/div>\n<\/div>\n","protected":false},"excerpt":{"rendered":"<p>ACTIVIDADES DE LA C\u00c1TEDRA ACTIVIDADES EN LAS QUE PARTICIPA LA C\u00c1TEDRA<\/p>\n","protected":false},"author":4,"featured_media":0,"parent":0,"menu_order":0,"comment_status":"closed","ping_status":"closed","template":"","meta":{"footnotes":""},"class_list":["post-8538","page","type-page","status-publish","hentry"],"_links":{"self":[{"href":"https:\/\/www.ehu.eus\/cdsea\/web\/index.php\/wp-json\/wp\/v2\/pages\/8538"}],"collection":[{"href":"https:\/\/www.ehu.eus\/cdsea\/web\/index.php\/wp-json\/wp\/v2\/pages"}],"about":[{"href":"https:\/\/www.ehu.eus\/cdsea\/web\/index.php\/wp-json\/wp\/v2\/types\/page"}],"author":[{"embeddable":true,"href":"https:\/\/www.ehu.eus\/cdsea\/web\/index.php\/wp-json\/wp\/v2\/users\/4"}],"replies":[{"embeddable":true,"href":"https:\/\/www.ehu.eus\/cdsea\/web\/index.php\/wp-json\/wp\/v2\/comments?post=8538"}],"version-history":[{"count":6,"href":"https:\/\/www.ehu.eus\/cdsea\/web\/index.php\/wp-json\/wp\/v2\/pages\/8538\/revisions"}],"predecessor-version":[{"id":18176,"href":"https:\/\/www.ehu.eus\/cdsea\/web\/index.php\/wp-json\/wp\/v2\/pages\/8538\/revisions\/18176"}],"wp:attachment":[{"href":"https:\/\/www.ehu.eus\/cdsea\/web\/index.php\/wp-json\/wp\/v2\/media?parent=8538"}],"curies":[{"name":"wp","href":"https:\/\/api.w.org\/{rel}","templated":true}]}}