{"id":8881,"date":"2019-04-09T13:55:44","date_gmt":"2019-04-09T13:55:44","guid":{"rendered":"http:\/\/www.ehu.eus\/cdsea\/web\/?page_id=8881"},"modified":"2019-04-09T13:57:29","modified_gmt":"2019-04-09T13:57:29","slug":"euromab-2019","status":"publish","type":"page","link":"https:\/\/www.ehu.eus\/cdsea\/web\/index.php\/euromab-2019\/","title":{"rendered":"EuroMAB 2019"},"content":{"rendered":"<p style=\"text-align: justify;\"><strong><span style=\"font-size: 14pt;\">EuroMAB 2019<\/span><\/strong><\/p>\n<p style=\"text-align: justify;\"><span style=\"font-size: 12pt;\"><img loading=\"lazy\" decoding=\"async\" class=\"size-medium wp-image-8882 alignleft\" src=\"http:\/\/www.ehu.eus\/cdsea\/web\/wp-content\/uploads\/2017\/03\/euroMab-300x191.jpg\" alt=\"\" width=\"300\" height=\"191\" srcset=\"https:\/\/www.ehu.eus\/cdsea\/web\/wp-content\/uploads\/2017\/03\/euroMab-300x191.jpg 300w, https:\/\/www.ehu.eus\/cdsea\/web\/wp-content\/uploads\/2017\/03\/euroMab-768x489.jpg 768w, https:\/\/www.ehu.eus\/cdsea\/web\/wp-content\/uploads\/2017\/03\/euroMab-1024x652.jpg 1024w, https:\/\/www.ehu.eus\/cdsea\/web\/wp-content\/uploads\/2017\/03\/euroMab-600x382.jpg 600w, https:\/\/www.ehu.eus\/cdsea\/web\/wp-content\/uploads\/2017\/03\/euroMab.jpg 1103w\" sizes=\"(max-width: 300px) 100vw, 300px\" \/>Miren Onaindia, coordinadora de la C\u00e1tedra UNESCO, participar\u00e1 en la <a href=\"http:\/\/euromabdublin2019.ie\/\">Conferencia EuroMAB 2019<\/a> que tendr\u00e1 lugar los d\u00edas 3-5 de abril, en Dubl\u00edn, Irlanda; con la ponencia titulada: <strong><em><a href=\"http:\/\/www.ehu.eus\/cdsea\/web\/wp-content\/uploads\/2017\/03\/EuroMaB-2019.pdf\">\u201cThe role of ecosystem services in conservation and management. Urdaibai Biosphere Reserve\u201d.<\/a><\/em><\/strong><\/span><\/p>\n<p style=\"text-align: justify;\"><span style=\"font-size: 12pt;\">La Conferencia EuroMAB, que se celebra bianualmente, y tendr\u00e1 una duraci\u00f3n de 3 d\u00edas, acoger\u00e1 a representantes de 302 reservas de la biosfera provenientes de 36 pa\u00edses de Europa y Norteam\u00e9rica. Es una oportunidad para encontrarse y discutir enfoques colectivos para gestionar las interacciones entre las personas y la naturaleza, para apoyar la conservaci\u00f3n y la celebraci\u00f3n del patrimonio natural y cultural y, en \u00faltima instancia, probar soluciones innovadoras para promover el desarrollo sostenible.<\/span><\/p>\n","protected":false},"excerpt":{"rendered":"<p>EuroMAB 2019 Miren Onaindia, coordinadora de la C\u00e1tedra UNESCO, participar\u00e1 en la Conferencia EuroMAB 2019 que tendr\u00e1 lugar los d\u00edas 3-5 de abril, en Dubl\u00edn, Irlanda; con la ponencia titulada: \u201cThe role of ecosystem services in conservation and management. Urdaibai Biosphere Reserve\u201d. La Conferencia EuroMAB, que se celebra bianualmente, y tendr\u00e1 una duraci\u00f3n de 3 [&hellip;]<\/p>\n","protected":false},"author":4,"featured_media":0,"parent":0,"menu_order":0,"comment_status":"closed","ping_status":"closed","template":"","meta":{"footnotes":""},"class_list":["post-8881","page","type-page","status-publish","hentry"],"_links":{"self":[{"href":"https:\/\/www.ehu.eus\/cdsea\/web\/index.php\/wp-json\/wp\/v2\/pages\/8881"}],"collection":[{"href":"https:\/\/www.ehu.eus\/cdsea\/web\/index.php\/wp-json\/wp\/v2\/pages"}],"about":[{"href":"https:\/\/www.ehu.eus\/cdsea\/web\/index.php\/wp-json\/wp\/v2\/types\/page"}],"author":[{"embeddable":true,"href":"https:\/\/www.ehu.eus\/cdsea\/web\/index.php\/wp-json\/wp\/v2\/users\/4"}],"replies":[{"embeddable":true,"href":"https:\/\/www.ehu.eus\/cdsea\/web\/index.php\/wp-json\/wp\/v2\/comments?post=8881"}],"version-history":[{"count":2,"href":"https:\/\/www.ehu.eus\/cdsea\/web\/index.php\/wp-json\/wp\/v2\/pages\/8881\/revisions"}],"predecessor-version":[{"id":8886,"href":"https:\/\/www.ehu.eus\/cdsea\/web\/index.php\/wp-json\/wp\/v2\/pages\/8881\/revisions\/8886"}],"wp:attachment":[{"href":"https:\/\/www.ehu.eus\/cdsea\/web\/index.php\/wp-json\/wp\/v2\/media?parent=8881"}],"curies":[{"name":"wp","href":"https:\/\/api.w.org\/{rel}","templated":true}]}}