{"id":9178,"date":"2019-05-22T07:52:53","date_gmt":"2019-05-22T07:52:53","guid":{"rendered":"http:\/\/www.ehu.eus\/cdsea\/web\/?page_id=9178"},"modified":"2024-11-26T14:50:00","modified_gmt":"2024-11-26T13:50:00","slug":"otros-investigacion","status":"publish","type":"page","link":"https:\/\/www.ehu.eus\/cdsea\/web\/index.php\/otros-investigacion\/","title":{"rendered":"Otros Investigaci\u00f3n"},"content":{"rendered":"<div class=\"g-cols type_default valign_top\">\n<div class=\"vc_col-sm-9 wpb_column vc_column_container\">\n<div class=\"vc_column-inner\">\n<div class=\"wpb_wrapper\">\n<h3 class=\"vc_custom_heading\"><span style=\"color: #339966;\">EVALUACI\u00d3N DE LOS ECOSISTEMAS DEL MILENIO EN BIZKAIA<\/span><\/h3>\n<div class=\"wpb_text_column \">\n<div class=\"wpb_wrapper\">\n<p>La C\u00e1tedra UNESCO sobre Desarrollo Sostenible y Educaci\u00f3n Ambiental de la Universidad del Pa\u00eds Vasco, con el apoyo de la Diputaci\u00f3n Foral de Bizkaia, ha llevado a cabo el proyecto de investigaci\u00f3n <em><strong>\u201cEvaluaci\u00f3n de los Ecosistemas del Mileni<\/strong><strong>o en Bizkaia\u201d.<\/strong><\/em><\/p>\n<p>La finalidad de este proyecto ha sido desarrollar en Bizkaia el marco conceptual y metodol\u00f3gico del Programa Cient\u00edfico Internacional de Naciones Unidas, <a href=\"http:\/\/www.millenniumassessment.org\/es\/\" target=\"_blank\" rel=\"noopener\"><em><strong>Evaluaci\u00f3n de Ecosistemas del Milenio<\/strong><\/em>,<\/a> con el objetivo de generar conocimiento cient\u00edfico sobre las consecuencias de las alteraciones en los ecosistemas debidas al impacto de las pol\u00edticas actuales de gesti\u00f3n, que pueda ser aplicado en el \u00e1mbito p\u00fablico y privado; as\u00ed como presentar posibles opciones de respuesta. Se presta una especial atenci\u00f3n al concepto de capital natural, a la estimaci\u00f3n de los servicios que prestan los ecosistemas y a la forma en que \u00e9stos se ven afectados por las actividades humanas. Tambi\u00e9n se pretende establecer en lo posible, el capital natural cr\u00edtico, definido como los recursos naturales esenciales e insustituibles a corto-medio plazo en Bizkaia.<\/p>\n<p>En este proyecto ha participado la Universidad Aut\u00f3noma de Madrid, a trav\u00e9s del laboratorio de socioecosistemas del Departamento Interuniversitario de Ecolog\u00eda, en cuestiones relacionadas con asesoramiento y unificaci\u00f3n de metodolog\u00edas y criterios, as\u00ed como UNESCO Etxea (Centro UNESCO Pa\u00eds Vasco) en la difusi\u00f3n del proyecto y puesta en valor del mismo a nivel internacional.<\/p>\n<p>El trabajo realizado dentro de este proyecto queda recogido en el <strong><a href=\"http:\/\/www.ehu.eus\/cdsea\/web\/wp-content\/uploads\/2016\/11\/LibroReducido.pdf\" target=\"_blank\" rel=\"noopener\">libro \u201cNaturaleza y Bienestar en Bizkaia\u201d<\/a>.<\/strong><\/p>\n<p><a href=\"http:\/\/www.ehu.eus\/cdsea\/web\/wp-content\/uploads\/2016\/11\/LibroReducido.pdf\"><img loading=\"lazy\" decoding=\"async\" class=\"aligncenter wp-image-867 size-medium\" src=\"http:\/\/www.ehu.eus\/cdsea\/web\/wp-content\/uploads\/2016\/11\/Libro_Bizkaia-225x300.jpg\" alt=\"libro_bizkaia\" width=\"225\" height=\"300\" \/><\/a><\/p>\n<\/div>\n<\/div>\n<\/div>\n<\/div>\n<\/div>\n<\/div>\n<p>[\/vc_column_text][\/vc_tta_section][vc_tta_section title=\u00bbPAP DEL CASTILLO DE PORTILLA\u00bb tab_id=\u00bb1558512896922-a915dec3-6005&#8243;][vc_column_text]<\/p>\n<div class=\"vc_col-sm-9 wpb_column vc_column_container\">\n<div class=\"vc_column-inner\">\n<div class=\"wpb_wrapper\">\n<h3 class=\"vc_custom_heading\"><span style=\"color: #339966;\">PAP DEL CASTILLO DE PORTILLA<\/span><\/h3>\n<div class=\"wpb_text_column \">\n<div class=\"wpb_wrapper\">\n<p><a href=\"http:\/\/www.ingurumena.ejgv.euskadi.eus\/contenidos\/informacion\/planes_accion_paisaje2\/es_def\/adjuntos\/Zambrana.pdf\"><img loading=\"lazy\" decoding=\"async\" class=\"size-medium wp-image-6418 alignleft\" src=\"http:\/\/www.ehu.eus\/cdsea\/web\/wp-content\/uploads\/2017\/03\/zambrana.jpg-220x300.bmp\" sizes=\"(max-width: 220px) 100vw, 220px\" srcset=\"http:\/\/www.ehu.eus\/cdsea\/web\/wp-content\/uploads\/2017\/03\/zambrana.jpg-220x300.bmp 220w, http:\/\/www.ehu.eus\/cdsea\/web\/wp-content\/uploads\/2017\/03\/zambrana.jpg.bmp 442w\" alt=\"\" width=\"220\" height=\"300\" \/><\/a><\/p>\n<\/div>\n<\/div>\n<\/div>\n<\/div>\n<\/div>\n<p>[\/vc_column_text][\/vc_tta_section][vc_tta_section title=\u00bbPrograma Marco Ambiental 2020&#8243; tab_id=\u00bb1558965872798-51191611-d47a\u00bb][vc_column_text]<\/p>\n<div class=\"vc_col-sm-9 wpb_column vc_column_container\">\n<div class=\"vc_column-inner\">\n<div class=\"wpb_wrapper\">\n<h3 class=\"vc_custom_heading\">PROCESO PARTICIPATIVO &#8211; PROGRAMA MARCO AMBIENTAL 2020<\/h3>\n<div class=\"wpb_text_column \">\n<div class=\"wpb_wrapper\">\n<p>El Departamento de Medio Ambiente y Pol\u00edtica<img loading=\"lazy\" decoding=\"async\" class=\"alignright wp-image-1008 size-full\" src=\"http:\/\/www.ehu.eus\/cdsea\/web\/wp-content\/uploads\/2016\/11\/Marcoambiental.jpg\" sizes=\"(max-width: 200px) 100vw, 200px\" srcset=\"http:\/\/www.ehu.eus\/cdsea\/web\/wp-content\/uploads\/2016\/11\/Marcoambiental.jpg 200w, http:\/\/www.ehu.eus\/cdsea\/web\/wp-content\/uploads\/2016\/11\/Marcoambiental-150x150.jpg 150w\" alt=\"marcoambiental\" width=\"200\" height=\"200\" \/> Territorial del Gobierno Vasco para dar respuesta a los grandes desaf\u00edos ambientales y de sostenibilidad que se plantean en el horizonte global, se ha marcado un nuevo reto \u201c<strong>Construir<\/strong> <strong>de\u00a0<\/strong><strong>forma conjunta<\/strong> <strong>un nuevo escenario medioambiental en Euskadi\u201d<\/strong> de aqu\u00ed al a\u00f1o 2020.<\/p>\n<p>Se trata de impulsar un cambio de <strong>rumbo en la pol\u00edtica medioambiental<\/strong> del Pa\u00eds Vasco que ayude a <strong>construir el medio ambiente del futuro<\/strong>. Para lograrlo es imprescindible la colaboraci\u00f3n con la ciudadan\u00eda para consensuar entre todos y todas el <strong>modelo de pa\u00eds m\u00e1s adecuado en materia medioambiental<\/strong>. Por esta raz\u00f3n, se lleva a cabo este proyecto de <strong>participaci\u00f3n ciudadana<\/strong> en la que la C\u00e1tedra UNESCO y la empresa Kualitate Lantaldea\u00a0recoger\u00e1n\u00a0las reflexiones, inquietudes \u00a0y sugerencias de la ciudadan\u00eda sobre las cuestiones m\u00e1s importantes del medio ambiente en la CAPV.<\/p>\n<p>Procesos participativos llevados a cabo en junio 2014:<\/p>\n<ul>\n<li><a href=\"http:\/\/www.ihobe.net\/Eventos\/ficha.aspx?IdMenu=74e0675a-2235-4892-af39-e5bf7072bc20&amp;Cod=729\">Programa Marco Ambiental 2020: Participa en la definici\u00f3n en la pol\u00edtica ambiental del Pa\u00eds Vasco. Ciudadan\u00eda y agentes sociales<\/a> (5 junio 2014)<\/li>\n<li><a href=\"http:\/\/www.ihobe.net\/Eventos\/ficha.aspx?IdMenu=74e0675a-2235-4892-af39-e5bf7072bc20&amp;Cod=731\">Programa Marco Ambiental 2020: Proceso participativo Empresa. 50 ideas para construir un nuevo escenario medioambiental en Euskadi <\/a>(10 junio 2014)<\/li>\n<\/ul>\n<\/div>\n<\/div>\n<\/div>\n<\/div>\n<\/div>\n<p>[\/vc_column_text][\/vc_tta_section][vc_tta_section title=\u00bbPLAN VASCO CAMBIO CLIM\u00c1TICO 2020&#8243; tab_id=\u00bb1558512903966-57848dbb-e51f\u00bb][vc_column_text]<\/p>\n<div class=\"vc_col-sm-9 wpb_column vc_column_container\">\n<div class=\"vc_column-inner\">\n<div class=\"wpb_wrapper\">\n<h3 class=\"vc_custom_heading\">PLAN VASCO DE CAMBIO CLIM\u00c1TICO 2020<\/h3>\n<div class=\"wpb_text_column \">\n<div class=\"wpb_wrapper\">\n<p>El <a href=\"http:\/\/www.ingurumena.ejgv.euskadi.eus\/r49-11293\/es\/contenidos\/plan_programa_proyecto\/plan_cambio_climatico\/es_cc\/plan.html\" target=\"_blank\" rel=\"noopener\"><strong>Plan Vasco de Cambio Clim\u00e1tico 2008-2012<\/strong><\/a> <a href=\"http:\/\/www.ehu.eus\/cdsea\/web\/wp-content\/uploads\/2016\/11\/Cambio-climatico.pdf\" target=\"_blank\" rel=\"noopener\"><img loading=\"lazy\" decoding=\"async\" class=\"alignright wp-image-1019 size-medium\" title=\"Ver aqu\u00ed\" src=\"http:\/\/www.ehu.eus\/cdsea\/web\/wp-content\/uploads\/2016\/11\/Cambio-Climatico-211x300.png\" sizes=\"(max-width: 211px) 100vw, 211px\" srcset=\"http:\/\/www.ehu.eus\/cdsea\/web\/wp-content\/uploads\/2016\/11\/Cambio-Climatico-211x300.png 211w, http:\/\/www.ehu.eus\/cdsea\/web\/wp-content\/uploads\/2016\/11\/Cambio-Climatico-768x1090.png 768w, http:\/\/www.ehu.eus\/cdsea\/web\/wp-content\/uploads\/2016\/11\/Cambio-Climatico-722x1024.png 722w, http:\/\/www.ehu.eus\/cdsea\/web\/wp-content\/uploads\/2016\/11\/Cambio-Climatico-600x852.png 600w, http:\/\/www.ehu.eus\/cdsea\/web\/wp-content\/uploads\/2016\/11\/Cambio-Climatico.png 792w\" alt=\"cambio-climatico\" width=\"211\" height=\"300\" \/><\/a>supuso el primer gran hito planificador en Euskadi en relaci\u00f3n al cambio clim\u00e1tico. El Gobierno Vasco consider\u00f3 necesario llevar a cabo una actualizaci\u00f3n del plan, con la mirada puesta en los pr\u00f3ximos a\u00f1os. Para ello,\u00a0han propuesto la elaboraci\u00f3n de una <a href=\"http:\/\/www.euskadi.eus\/contenidos\/plan_programa_proyecto\/klima2050\/es_def\/adjuntos\/LineasEstrategicasEconomicasBasicasEVCC.pdf\" target=\"_blank\" rel=\"noopener\"><strong>Estrategia Vasca de Cambio climatico 2050<\/strong><\/a> que permita un mejor encaje en los horizontes Europeos de planificaci\u00f3n incorporando planteamientos estrat\u00e9gicos que respondan a un horizonte temporal de medio-largo plazo, atendiendo a los \u00faltimos avances, tendencias y compromisos a nivel europeo e internacional (2030-2050).<\/p>\n<p>En este contexto, la C\u00e1tedra UNESCO\u00a0ha sido encargada de realizar un<strong> Informe sobre\u00a0el an\u00e1lisis de las interrelaciones entre los ecosistemas terrestres y el cambio clim\u00e1tico en el Pa\u00eds Vasco<\/strong>. En \u00e9l se atiende especialmente a los ecosistemas terrestres m\u00e1s afectados por el cambio clim\u00e1tico y a las zonas m\u00e1s vulnerables a eventos clim\u00e1ticos extremos, y se realiza una evaluaci\u00f3n global del impacto sobre el capital natural y los principales servicios de los ecosistemas. Adem\u00e1s, se trata de conocer el impacto del cambio clim\u00e1tico en la configuraci\u00f3n del paisaje y definir los procesos que puedan ser principalmente afectados.<\/p>\n<\/div>\n<\/div>\n<\/div>\n<\/div>\n<\/div>\n<p>[\/vc_column_text][\/vc_tta_section][vc_tta_section title=\u00bbESTRATEGIA GEODIVERSIDAD CAPV 2020&#8243; tab_id=\u00bb1558512904586-5464c8c5-63e8&#8243;][vc_column_text]<\/p>\n<div class=\"vc_col-sm-9 wpb_column vc_column_container\">\n<div class=\"vc_column-inner\">\n<div class=\"wpb_wrapper\">\n<h3 class=\"vc_custom_heading\">PROCESO DE PARTICIPACI\u00d3N P\u00daBLICA PARA LA ELABORACI\u00d3N DE LA ESTRATEGIA DE GEODIVERSIDAD DE LA CAPV<\/h3>\n<div class=\"wpb_text_column \">\n<div class=\"wpb_wrapper\">\n<p><a href=\"http:\/\/www.ehu.eus\/cdsea\/web\/wp-content\/uploads\/2016\/11\/geodivers_2020.pdf\"><img loading=\"lazy\" decoding=\"async\" class=\"alignright wp-image-1028 size-medium\" title=\"Ver aqu\u00ed\" src=\"http:\/\/www.ehu.eus\/cdsea\/web\/wp-content\/uploads\/2016\/11\/Estrategia-Geodiversdiad-225x300.jpg\" sizes=\"(max-width: 225px) 100vw, 225px\" srcset=\"http:\/\/www.ehu.eus\/cdsea\/web\/wp-content\/uploads\/2016\/11\/Estrategia-Geodiversdiad-225x300.jpg 225w, http:\/\/www.ehu.eus\/cdsea\/web\/wp-content\/uploads\/2016\/11\/Estrategia-Geodiversdiad-600x800.jpg 600w, http:\/\/www.ehu.eus\/cdsea\/web\/wp-content\/uploads\/2016\/11\/Estrategia-Geodiversdiad.jpg 720w\" alt=\"estrategia-geodiversdiad\" width=\"225\" height=\"300\" \/><\/a>El objetivo de este proyecto era abrir un proceso de participaci\u00f3n p\u00fablica hacia las administraciones p\u00fablicas, la ciudadan\u00eda y los grupos de inter\u00e9s que permitiera recoger el mayor n\u00famero de aportaciones, enmiendas, opiniones y sugerencias a la <a href=\"http:\/\/www.ingurumena.ejgv.euskadi.eus\/contenidos\/plan_programa_proyecto\/geodibertsitatearen_estrategia\/es_def\/adjuntos\/geodivers_2020.pdf\" target=\"_blank\" rel=\"noopener\"><strong>Estrategia de Geodiversidad de la CAPV y al Inventario de Lugares de Inter\u00e9s Geol\u00f3gico<\/strong><\/a><strong>.<\/strong><\/p>\n<p>C\u00e1tedra UNESCO particip\u00f3 junto a Kualitate Lantaldea en la elaboraci\u00f3n del <a href=\"http:\/\/www.irekia.euskadi.eus\/es\/debates\/940-participacion-ciudadana-diseno-estrategia-geodiversidad-capv?stage=presentation\" target=\"_blank\" rel=\"noopener\"><strong>Proceso de participaci\u00f3n<\/strong> <\/a><a href=\"http:\/\/www.irekia.euskadi.eus\/es\/debates\/940-participacion-ciudadana-diseno-estrategia-geodiversidad-capv?stage=presentation\" target=\"_blank\" rel=\"noopener\"><strong>p\u00fablica para la elaboraci\u00f3n de la Estrategia de Geodiversidad de la CAPV.<\/strong><\/a><\/p>\n<\/div>\n<\/div>\n<\/div>\n<\/div>\n<\/div>\n<p>[\/vc_column_text][\/vc_tta_section][vc_tta_section title=\u00bbPRUG DE URDAIBAI\u00bb tab_id=\u00bb1558512905235-939b767a-4ea7&#8243;][vc_column_text]<\/p>\n<div class=\"g-cols type_default valign_top\">\n<div class=\"vc_col-sm-9 wpb_column vc_column_container\">\n<div class=\"vc_column-inner\">\n<div class=\"wpb_wrapper\">\n<h3 class=\"vc_custom_heading\">PRUG DE URDAIBAI<\/h3>\n<div class=\"wpb_text_column \">\n<div class=\"wpb_wrapper\">\n<p>La Oficina T\u00e9cnica de la Reserva de la Biofera<a href=\"http:\/\/www.ehu.eus\/cdsea\/web\/wp-content\/rm_documents\/proceso_participativo\/\" target=\"_blank\" rel=\"noopener\"><img loading=\"lazy\" decoding=\"async\" class=\"alignright wp-image-1043 size-medium\" title=\"Ver aqu\u00ed\" src=\"http:\/\/www.ehu.eus\/cdsea\/web\/wp-content\/uploads\/2016\/11\/proceso_participativo-213x300.jpg\" sizes=\"(max-width: 213px) 100vw, 213px\" srcset=\"http:\/\/www.ehu.eus\/cdsea\/web\/wp-content\/uploads\/2016\/11\/proceso_participativo-213x300.jpg 213w, http:\/\/www.ehu.eus\/cdsea\/web\/wp-content\/uploads\/2016\/11\/proceso_participativo.jpg 443w\" alt=\"proceso_participativo\" width=\"213\" height=\"300\" \/><\/a> de Urdaibai y la C\u00e1tedra UNESCO sobre desarrollo sostenible y educaci\u00f3n ambiental de la UPV\/EHU han llevando a cabo un <strong>proceso de participaci\u00f3n para renovar el <em>Plan Rector de Uso y Gesti\u00f3n (PRUG) de la Reserva de la Biosfera de Urdaibai<\/em>.<\/strong><\/p>\n<p>El PRUG de Urdaibai actual fue aprobado por el DECRETO 242\/1993, el 3 de agosto de 1993, y prev\u00e9 en su articulo 9 su revisi\u00f3n transcurridos diez a\u00f1os desde su entrada en vigor. As\u00ed, en el a\u00f1o 2003 el PRUG fue actualizado puntualmente, a trav\u00e9s del <em>Decreto 27\/2003, de 11 de febrero<\/em>, de modificaci\u00f3n del PRUG de la Reserva de la Biosfera de Urdaibai, que contempla fundamentalmente la correcci\u00f3n y actualizaci\u00f3n de la cartograf\u00eda y la modificaci\u00f3n de aspectos puntuales del texto del articulado del PRUG.<\/p>\n<p>Como parte de esta nueva revisi\u00f3n, entre los a\u00f1os 2011 y 2012, se ha realizado\u00a0 un proceso de participaci\u00f3n cient\u00edfico-t\u00e9cnica con el objetivo de elaborar las bases cient\u00edfico-t\u00e9cnicas del futuro PRUG a partir de la aportaci\u00f3n de expertos en los diferentes temas que aborda dicho documento.<\/p>\n<p>Los contenidos del PRUG se han dividido en cinco bloques para un mejor an\u00e1lisis:<\/p>\n<blockquote><p>+ Aspectos jur\u00eddicos<\/p>\n<p>+ \u00c1reas de Especial Protecci\u00f3n<\/p>\n<p>+ \u00c1reas de Protecci\u00f3n<\/p>\n<p>+ \u00c1reas de Sistemas en el territorio, n\u00facleos de poblaci\u00f3n y suelo r\u00fastico<\/p>\n<p>+ \u00c1reas de inter\u00e9s agrario y forestal, turismo y desarrollo rural<\/p><\/blockquote>\n<p>Estos contenidos han sido debatidos en talleres participativos cient\u00edfico-t\u00e9cnicos. Como resultado de este proceso, en el a\u00f1o 2012 la C\u00e1tedra UNESCO sobre Desarrollo Sostenible y Educaci\u00f3n Ambiental de la Universidad del Pa\u00eds Vasco UPV\/EHU edit\u00f3 una publicaci\u00f3n con los resultados obtenidos de este <strong><a title=\"PRUG de Urdaibai\" href=\"http:\/\/www.ehu.eus\/cdsea\/web\/wp-content\/rm_documents\/proceso_participativo\/\" target=\"_blank\" rel=\"noopener\">Proceso participativo para la renovaci\u00f3n del PRUG de Urdaibai.<\/a><\/strong><\/p>\n<\/div>\n<\/div>\n<\/div>\n<\/div>\n<\/div>\n<\/div>\n<p>[\/vc_column_text][\/vc_tta_section][vc_tta_section indents=\u00bbnone\u00bb title=\u00bbERASMUS+BELIEVE\u00bb tab_id=\u00bb1718193145298-dcc6b7f6-aacc\u00bb][vc_column_text]<\/p>\n<div class=\"g-cols type_default valign_top\">\n<div class=\"vc_col-sm-9 wpb_column vc_column_container\">\n<div class=\"vc_column-inner\">\n<div class=\"wpb_wrapper\">\n<h3 class=\"vc_custom_heading\"><span style=\"color: #339966;\">ERASMUS+BELIEVE<\/span><\/h3>\n<div class=\"wpb_text_column \">\n<div class=\"wpb_wrapper\">\n<div class=\"l-main\">\n<div class=\"l-main-h i-cf\">\n<section class=\"l-section wpb_row height_medium\">\n<div class=\"l-section-h i-cf\">\n<div class=\"g-cols type_default valign_top\">\n<div class=\"vc_col-sm-12 wpb_column vc_column_container\">\n<div class=\"vc_column-inner\">\n<div class=\"wpb_wrapper\">\n<div class=\"wpb_text_column \">\n<div class=\"wpb_wrapper\">\n<p><strong><img loading=\"lazy\" decoding=\"async\" class=\"alignnone size-medium wp-image-17939\" src=\"http:\/\/www.ehu.eus\/cdsea\/web\/wp-content\/uploads\/2017\/03\/logo-europa-color-300x96.png\" sizes=\"(max-width: 300px) 100vw, 300px\" srcset=\"https:\/\/www.ehu.eus\/cdsea\/web\/wp-content\/uploads\/2017\/03\/logo-europa-color-300x96.png 300w, https:\/\/www.ehu.eus\/cdsea\/web\/wp-content\/uploads\/2017\/03\/logo-europa-color-768x245.png 768w, https:\/\/www.ehu.eus\/cdsea\/web\/wp-content\/uploads\/2017\/03\/logo-europa-color-600x192.png 600w, https:\/\/www.ehu.eus\/cdsea\/web\/wp-content\/uploads\/2017\/03\/logo-europa-color.png 839w\" alt=\"\" width=\"300\" height=\"96\" \/><\/strong><\/p>\n<p><strong>T\u00edtulo del proyecto:<\/strong> Cree en el cambio clim\u00e1tico \u2013 desarrollo de competencias anal\u00edticas y pensamiento cr\u00edtico de los j\u00f3venes \u2013 CC Believe.<\/p>\n<p>El proyecto CC Believe es una iniciativa internacional que centra su atenci\u00f3n en el problema de encontrar la verdad en los procesos cognitivos relacionados con el cambio clim\u00e1tico. En concreto, queremos que las y los j\u00f3venes sean capaces de buscar y analizar informaci\u00f3n, en particular para distinguir la informaci\u00f3n fiable de la manipulada.<\/p>\n<p><strong>Objetivo del proyecto<\/strong><\/p>\n<p>El objetivo principal del proyecto es desarrollar un juego educativo utilizando realidad aumentada (RA), para ayudar a los y las j\u00f3venes a desarrollar habilidades de aprendizaje, competencias anal\u00edticas y pensamiento cr\u00edtico en el \u00e1mbito de la protecci\u00f3n del medio ambiente y el cambio clim\u00e1tico.<\/p>\n<p>La intenci\u00f3n de las organizaciones cooperantes es llevar a cabo, en un plazo de 24 meses, el desarrollo conceptual, la producci\u00f3n y el pilotaje del juego basado en RA, que conduzcan a la creaci\u00f3n de una herramienta educativa para los y las j\u00f3venes. El juego ser\u00e1 un recurso educativo y abordar\u00e1 el problema de la manipulaci\u00f3n y difusi\u00f3n de informaci\u00f3n falsa sobre el cambio clim\u00e1tico en el espacio p\u00fablico, y la mec\u00e1nica del juego ayudar\u00e1 a los y las j\u00f3venes a desarrollar sus competencias y capacidad para analizar y seleccionar contenidos.<\/p>\n<p><strong>Socios del proyecto<\/strong><\/p>\n<p>El proyecto se realiza mediante la asociaci\u00f3n de 2 instituciones:<\/p>\n<p>\u2013 5Klepek Micha\u0142 Klepka \u2013 Director del proyecto (Polonia)<\/p>\n<p>\u2013 UNIVERSIDAD DEL PAIS VASCO\/EUSKAL HERRIKO UNIBERTSITATEA \u2013 Socio del proyecto (Pa\u00eds Vasco)<\/p>\n<p><em><img loading=\"lazy\" decoding=\"async\" class=\"alignnone size-medium wp-image-17940\" src=\"http:\/\/www.ehu.eus\/cdsea\/web\/wp-content\/uploads\/2017\/03\/logo-europa-300x63.jpg\" sizes=\"(max-width: 300px) 100vw, 300px\" srcset=\"https:\/\/www.ehu.eus\/cdsea\/web\/wp-content\/uploads\/2017\/03\/logo-europa-300x63.jpg 300w, https:\/\/www.ehu.eus\/cdsea\/web\/wp-content\/uploads\/2017\/03\/logo-europa-600x126.jpg 600w, https:\/\/www.ehu.eus\/cdsea\/web\/wp-content\/uploads\/2017\/03\/logo-europa.jpg 625w\" alt=\"\" width=\"300\" height=\"63\" \/><\/em><\/p>\n<p><em>Financiado con fondos de la UE. Los puntos de vista y opiniones expresados son \u00fanicamente los del autor o autores y no reflejan necesariamente los puntos de vista y opiniones de la Uni\u00f3n Europea o de la Agencia Ejecutiva Europea de Educaci\u00f3n y Cultura\u200b (EACEA). Ni la Uni\u00f3n Europea ni la EACEA son responsables de las mismas.<\/em><\/p>\n<\/div>\n<\/div>\n<\/div>\n<\/div>\n<\/div>\n<\/div>\n<\/div>\n<\/section>\n<\/div>\n<\/div>\n<\/div>\n<\/div>\n<\/div>\n<\/div>\n<\/div>\n<\/div>\n<p>[\/vc_column_text][\/vc_tta_section][\/vc_tta_tabs][\/vc_column][\/vc_row]<\/p>\n","protected":false},"excerpt":{"rendered":"<p>EVALUACI\u00d3N DE LOS ECOSISTEMAS DEL MILENIO EN BIZKAIA La C\u00e1tedra UNESCO sobre Desarrollo Sostenible y Educaci\u00f3n Ambiental de la Universidad del Pa\u00eds Vasco, con el apoyo de la Diputaci\u00f3n Foral de Bizkaia, ha llevado a cabo el proyecto de investigaci\u00f3n \u201cEvaluaci\u00f3n de los Ecosistemas del Milenio en Bizkaia\u201d. La finalidad de este proyecto ha sido [&hellip;]<\/p>\n","protected":false},"author":4,"featured_media":0,"parent":0,"menu_order":0,"comment_status":"closed","ping_status":"closed","template":"","meta":{"footnotes":""},"class_list":["post-9178","page","type-page","status-publish","hentry"],"_links":{"self":[{"href":"https:\/\/www.ehu.eus\/cdsea\/web\/index.php\/wp-json\/wp\/v2\/pages\/9178"}],"collection":[{"href":"https:\/\/www.ehu.eus\/cdsea\/web\/index.php\/wp-json\/wp\/v2\/pages"}],"about":[{"href":"https:\/\/www.ehu.eus\/cdsea\/web\/index.php\/wp-json\/wp\/v2\/types\/page"}],"author":[{"embeddable":true,"href":"https:\/\/www.ehu.eus\/cdsea\/web\/index.php\/wp-json\/wp\/v2\/users\/4"}],"replies":[{"embeddable":true,"href":"https:\/\/www.ehu.eus\/cdsea\/web\/index.php\/wp-json\/wp\/v2\/comments?post=9178"}],"version-history":[{"count":16,"href":"https:\/\/www.ehu.eus\/cdsea\/web\/index.php\/wp-json\/wp\/v2\/pages\/9178\/revisions"}],"predecessor-version":[{"id":18643,"href":"https:\/\/www.ehu.eus\/cdsea\/web\/index.php\/wp-json\/wp\/v2\/pages\/9178\/revisions\/18643"}],"wp:attachment":[{"href":"https:\/\/www.ehu.eus\/cdsea\/web\/index.php\/wp-json\/wp\/v2\/media?parent=9178"}],"curies":[{"name":"wp","href":"https:\/\/api.w.org\/{rel}","templated":true}]}}