{"id":9499,"date":"2019-06-06T13:43:45","date_gmt":"2019-06-06T13:43:45","guid":{"rendered":"http:\/\/www.ehu.eus\/cdsea\/web\/?page_id=9499"},"modified":"2019-06-06T14:29:13","modified_gmt":"2019-06-06T14:29:13","slug":"ibaiak-lehengoratzeari-buruzko-ii-biltzar-iberiarra","status":"publish","type":"page","link":"https:\/\/www.ehu.eus\/cdsea\/web\/index.php\/ibaiak-lehengoratzeari-buruzko-ii-biltzar-iberiarra\/","title":{"rendered":"IBAIAK LEHENGORATZEARI BURUZKO II. BILTZAR IBERIARRA"},"content":{"rendered":"<p style=\"text-align: justify;\"><span style=\"font-size: 14pt; color: #003300;\"><strong>IBAIAK LEHENGORATZEARI BURUZKO II. BILTZAR IBERIARRA<\/strong><\/span><\/p>\n<p style=\"text-align: justify;\"><span style=\"font-size: 12pt;\"><img loading=\"lazy\" decoding=\"async\" class=\"size-full wp-image-9494 alignleft\" src=\"http:\/\/www.ehu.eus\/cdsea\/web\/wp-content\/uploads\/2017\/03\/logorestaurarios.jpg\" alt=\"\" width=\"255\" height=\"85\" \/>UNESCO Katedrako Leire Fern\u00e1ndezek <a href=\"https:\/\/www.restaurarios.es\/\"><em>Ibaiak Lehengoratzeari buruzko II. Biltzar Iberiar<\/em><\/a>rean hartuko du parte datorren astean (ekainaren 12tik 14ra), Murtzian.<\/span><\/p>\n<p style=\"text-align: justify;\"><span style=\"font-size: 12pt;\">\u201c<em>Inclusi\u00f3n de los Servicios de los Ecosistemas de Regulaci\u00f3n en la Restauraci\u00f3n de R\u00edos<\/em>\u201d izeneko komunikazioa aurkeztuko du, eta ibaien ekosistema arautzeko 3 zerbitzu sartzeko garatu den metodologia azalduko du, ibaietan ingurumen\u2011jasangarritasuna eskuratzeko oinarrizkoa dena. Lan-mota horiek lagungarriak dira lehengoratze-ekintzen diagnosia egiteko, funtzio anitzeko ikuspuntuan oinarrituta, azpiegitura urdin eta berdeen sarea osatzeko. Era berean, ekintza horiek etorkizunean jarraipena egiteko baliagarriak izan behar dute.<\/span><\/p>\n","protected":false},"excerpt":{"rendered":"<p>IBAIAK LEHENGORATZEARI BURUZKO II. BILTZAR IBERIARRA UNESCO Katedrako Leire Fern\u00e1ndezek Ibaiak Lehengoratzeari buruzko II. Biltzar Iberiarrean hartuko du parte datorren astean (ekainaren 12tik 14ra), Murtzian. \u201cInclusi\u00f3n de los Servicios de los Ecosistemas de Regulaci\u00f3n en la Restauraci\u00f3n de R\u00edos\u201d izeneko komunikazioa aurkeztuko du, eta ibaien ekosistema arautzeko 3 zerbitzu sartzeko garatu den metodologia azalduko du, [&hellip;]<\/p>\n","protected":false},"author":4,"featured_media":0,"parent":0,"menu_order":0,"comment_status":"closed","ping_status":"closed","template":"","meta":{"footnotes":""},"class_list":["post-9499","page","type-page","status-publish","hentry"],"_links":{"self":[{"href":"https:\/\/www.ehu.eus\/cdsea\/web\/index.php\/wp-json\/wp\/v2\/pages\/9499"}],"collection":[{"href":"https:\/\/www.ehu.eus\/cdsea\/web\/index.php\/wp-json\/wp\/v2\/pages"}],"about":[{"href":"https:\/\/www.ehu.eus\/cdsea\/web\/index.php\/wp-json\/wp\/v2\/types\/page"}],"author":[{"embeddable":true,"href":"https:\/\/www.ehu.eus\/cdsea\/web\/index.php\/wp-json\/wp\/v2\/users\/4"}],"replies":[{"embeddable":true,"href":"https:\/\/www.ehu.eus\/cdsea\/web\/index.php\/wp-json\/wp\/v2\/comments?post=9499"}],"version-history":[{"count":2,"href":"https:\/\/www.ehu.eus\/cdsea\/web\/index.php\/wp-json\/wp\/v2\/pages\/9499\/revisions"}],"predecessor-version":[{"id":9536,"href":"https:\/\/www.ehu.eus\/cdsea\/web\/index.php\/wp-json\/wp\/v2\/pages\/9499\/revisions\/9536"}],"wp:attachment":[{"href":"https:\/\/www.ehu.eus\/cdsea\/web\/index.php\/wp-json\/wp\/v2\/media?parent=9499"}],"curies":[{"name":"wp","href":"https:\/\/api.w.org\/{rel}","templated":true}]}}