{"id":9704,"date":"2019-07-02T14:44:28","date_gmt":"2019-07-02T14:44:28","guid":{"rendered":"http:\/\/www.ehu.eus\/cdsea\/web\/?page_id=9704"},"modified":"2024-06-12T11:57:01","modified_gmt":"2024-06-12T11:57:01","slug":"beste-inbestigazioak","status":"publish","type":"page","link":"https:\/\/www.ehu.eus\/cdsea\/web\/index.php\/beste-inbestigazioak\/","title":{"rendered":"Beste Inbestigazioak"},"content":{"rendered":"<p>[vc_row][vc_column width=\u00bb1\/4&#8243;][vc_wp_custommenu nav_menu=\u00bb13&#8243;][\/vc_column][vc_column width=\u00bb3\/4&#8243;][vc_tta_tabs][vc_tta_section title=\u00bbMILURTEKO EKOSISTEMEN EBALUAZIOA BIZKAIAN\u00bb tab_id=\u00bb1562079102319-30878fb0-49fd\u00bb][vc_column_text]<\/p>\n<div class=\"g-cols type_default valign_top\">\n<div class=\"vc_col-sm-9 wpb_column vc_column_container\">\n<div class=\"vc_column-inner\">\n<div class=\"wpb_wrapper\">\n<h3 class=\"vc_custom_heading\">MILURTEKO EKOSISTEMEN EBALUAZIOA BIZKAIAN<\/h3>\n<div class=\"wpb_text_column \">\n<div class=\"wpb_wrapper\">\n<p><img loading=\"lazy\" decoding=\"async\" class=\"size-medium wp-image-592 alignright\" src=\"http:\/\/www.ehu.eus\/cdsea\/web\/wp-content\/uploads\/2016\/11\/Logo_Bizkaia-300x122.jpg\" sizes=\"(max-width: 300px) 100vw, 300px\" srcset=\"http:\/\/www.ehu.eus\/cdsea\/web\/wp-content\/uploads\/2016\/11\/Logo_Bizkaia-300x122.jpg 300w, http:\/\/www.ehu.eus\/cdsea\/web\/wp-content\/uploads\/2016\/11\/Logo_Bizkaia.jpg 340w\" alt=\"logo_bizkaia\" width=\"300\" height=\"122\" \/>Garapen Iraunkorra eta Ingurumen Hezkuntzari\u00a0buruzko UNESCO Katedrak Bizkaiko Foru Aldundiko Ingurumen sailetiko laguntza medio, <strong><em>\u201c<\/em><\/strong><strong><em>Milurteko Ekosistemen Ebaluazioa Bizkaian\u201d <\/em><\/strong>ikerketa proiektua aurrera eramaten ari da.<\/p>\n<p>Proiektu honen helburua Nazio Batuen <strong><em><a href=\"http:\/\/www.millenniumassessment.org\/es\/\">Milurteko Ekosistemen Ebaluaziorako <\/a><\/em><\/strong>Nazioarteko Programaren kontzeptu eta metodologia Bizkaian garatzea da, eremu publiko eta pribatuan aplikagarria den ezagutza zientifikoa sortzeko eta erantzunerako aukerak eskaintzeko, giza-ongizaterako politiken inpaktuagatik sortzen diren ekosistemen eraldaketen ondorioei buruz. Proiektuak arreta berezia eskaintzen dio kapital naturala deritzon kontzeptuari, ekosistemek eskaintzen dituzten zerbitzuen estimazioari eta giza-jarduerek hauengan duten eraginari. Era berean, posible den heinean, kapital natural kritikoa ezarri nahiko genuke, hots, Bizkaian dauden funtsezko eta epe labur-ertainean ordezkaezinak diren baliabide naturalak definitu.<\/p>\n<p>Proiektu honetan alde batetik, Madrilgo Unibertsitatea hartzen du parte bere ekologia saileko sozioekosistemen laborategiaren bidez, aholkularitza eta metodologia bateratze lanetan, eta bestetik, UNESCO Etxeak, proiektuaren komunikazio eta hedapenean, eta baru maila internazionalean balioztatzean.<\/p>\n<p>Proiektu honen barruan egindako lana <strong><a href=\"http:\/\/www.ehu.eus\/cdsea\/web\/wp-content\/uploads\/2016\/11\/Libro_Bizkaia_Euskera.pdf\">\u201cNatura eta Ongizatea Bizkaian\u201d liburuan<\/a><\/strong> jasota geratzen da.<\/p>\n<p><a href=\"http:\/\/www.ehu.eus\/cdsea\/web\/wp-content\/uploads\/2016\/11\/Libro_Bizkaia_Euskera.pdf\"><img loading=\"lazy\" decoding=\"async\" class=\"wp-image-866 size-medium aligncenter\" src=\"http:\/\/www.ehu.eus\/cdsea\/web\/wp-content\/uploads\/2016\/11\/Libro_Bizkaia_Euskera-225x300.jpg\" alt=\"libro_bizkaia_euskera\" width=\"225\" height=\"300\" \/><\/a><\/div>\n<\/div>\n<\/div>\n<\/div>\n<\/div>\n<\/div>\n<p>[\/vc_column_text][\/vc_tta_section][vc_tta_section title=\u00bbPORTILLAKO GAZTELUAREN PAP\u00bb tab_id=\u00bb1562079102325-e0c071d3-2031&#8243;][vc_column_text]<\/p>\n<div class=\"g-cols type_default valign_top\">\n<div class=\"vc_col-sm-9 wpb_column vc_column_container\">\n<div class=\"vc_column-inner\">\n<div class=\"wpb_wrapper\">\n<div class=\"wpb_text_column \">\n<div class=\"wpb_wrapper\">\n<p><a href=\"http:\/\/www.ingurumena.ejgv.euskadi.eus\/contenidos\/informacion\/planes_accion_paisaje2\/es_def\/adjuntos\/Zambrana.pdf\"><img loading=\"lazy\" decoding=\"async\" class=\"alignnone size-medium wp-image-6418\" src=\"http:\/\/www.ehu.eus\/cdsea\/web\/wp-content\/uploads\/2017\/03\/zambrana.jpg-220x300.bmp\" sizes=\"(max-width: 220px) 100vw, 220px\" srcset=\"http:\/\/www.ehu.eus\/cdsea\/web\/wp-content\/uploads\/2017\/03\/zambrana.jpg-220x300.bmp 220w, http:\/\/www.ehu.eus\/cdsea\/web\/wp-content\/uploads\/2017\/03\/zambrana.jpg.bmp 442w\" alt=\"\" width=\"220\" height=\"300\" \/><\/a><\/div>\n<\/div>\n<\/div>\n<\/div>\n<\/div>\n<\/div>\n<p>[\/vc_column_text][vc_column_text][\/vc_column_text][\/vc_tta_section][vc_tta_section title=\u00bbINGURUMENEKO ESPARRU PROGRAMA 2020&#8243; tab_id=\u00bb1562079203879-1e6eb142-b41d\u00bb][vc_column_text]<\/p>\n<h3 class=\"vc_custom_heading\">INGURUMENEKO ESPARRU PROGRAMA 2020<\/h3>\n<div class=\"wpb_text_column \">\n<div class=\"wpb_wrapper\">\n<p><img loading=\"lazy\" decoding=\"async\" class=\"alignright wp-image-1008 size-full\" src=\"http:\/\/www.ehu.eus\/cdsea\/web\/wp-content\/uploads\/2016\/11\/Marcoambiental.jpg\" sizes=\"(max-width: 200px) 100vw, 200px\" srcset=\"http:\/\/www.ehu.eus\/cdsea\/web\/wp-content\/uploads\/2016\/11\/Marcoambiental.jpg 200w, http:\/\/www.ehu.eus\/cdsea\/web\/wp-content\/uploads\/2016\/11\/Marcoambiental-150x150.jpg 150w\" alt=\"marcoambiental\" width=\"200\" height=\"200\" \/><\/p>\n<p>Horixe da Eusko Jaurlaritzako Ingurumen eta Lurralde Politika Sailaren asmo handiko erronka, mundu mailako ingurumen- eta iraunkortasun-erronka handiei erantzuna emateko.<\/p>\n<p>Azken batean, <strong>EAEko ingurumen-politikan etorkizuneko ingurumena sortzen lagunduko duen<\/strong> norabide-aldaketa bultzatzea da xedea. Hori lortzeko, ezinbestekoa da bidea batera egitea, herritarrekin elkarlanean, eta guztion artean ingurumenaren arloan herrialde-eredurik egokiena adostu ahal izatea. Hori dela eta, Open Space jardunaldi bat egingo da, <strong>herritarrek parte hartzeko <\/strong>balioko duen espazio bat. Bertan, <strong>UNESKO katedrak<\/strong> eta Kualitate Lantaldea enpresak ingurumenarekin lotutako gairik garrantzitsuenei buruzko hausnarketak, kezkak eta iradokizunak bilduko dituzte.<\/p>\n<p>Prozesu parte hartzaileak (2014ko ekainean):<\/p>\n<ul>\n<li><a href=\"http:\/\/www.ihobe.net\/Eventos\/ficha.aspx?IdMenu=74e0675a-2235-4892-af39-e5bf7072bc20&amp;Cod=729\">Programa Marco Ambiental 2020: Participa en la definici\u00f3n en la pol\u00edtica ambiental del Pa\u00eds Vasco. Ciudadan\u00eda y agentes sociales<\/a> (5 junio 2014)<\/li>\n<li><a href=\"http:\/\/www.ihobe.net\/Eventos\/ficha.aspx?IdMenu=74e0675a-2235-4892-af39-e5bf7072bc20&amp;Cod=731\">Programa Marco Ambiental 2020: Proceso participativo Empresa. 50 ideas para construir un nuevo escenario medioambiental en Euskadi <\/a>(10 junio 2014)<\/li>\n<\/ul>\n<\/div>\n<\/div>\n<p>[\/vc_column_text][\/vc_tta_section][vc_tta_section title=\u00bbKLIMA ALDAKETA EUSKAL PLANA 2020&#8243; tab_id=\u00bb1562079204538-d61af453-b1c2&#8243;][vc_column_text]<\/p>\n<div class=\"g-cols type_default valign_top\">\n<div class=\"vc_col-sm-9 wpb_column vc_column_container\">\n<div class=\"vc_column-inner\">\n<div class=\"wpb_wrapper\">\n<h3 class=\"vc_custom_heading\">KLIMA ALDAKETA EUSKAL PLANA 2020<\/h3>\n<div class=\"wpb_text_column \">\n<div class=\"wpb_wrapper\">\n<p>El <a href=\"http:\/\/www.ingurumena.ejgv.euskadi.eus\/r49-11293\/es\/contenidos\/plan_programa_proyecto\/plan_cambio_climatico\/es_cc\/plan.html\" target=\"_blank\" rel=\"noopener\"><strong>Plan Vasco de Cambio Clim\u00e1tico 2008-2012<\/strong><\/a> <a href=\"http:\/\/www.ehu.eus\/cdsea\/web\/wp-content\/uploads\/2016\/11\/Cambio-climatico.pdf\" target=\"_blank\" rel=\"noopener\"><img loading=\"lazy\" decoding=\"async\" class=\"alignright wp-image-1019 size-medium\" title=\"Ver aqu\u00ed\" src=\"http:\/\/www.ehu.eus\/cdsea\/web\/wp-content\/uploads\/2016\/11\/Cambio-Climatico-211x300.png\" sizes=\"(max-width: 211px) 100vw, 211px\" srcset=\"http:\/\/www.ehu.eus\/cdsea\/web\/wp-content\/uploads\/2016\/11\/Cambio-Climatico-211x300.png 211w, http:\/\/www.ehu.eus\/cdsea\/web\/wp-content\/uploads\/2016\/11\/Cambio-Climatico-768x1090.png 768w, http:\/\/www.ehu.eus\/cdsea\/web\/wp-content\/uploads\/2016\/11\/Cambio-Climatico-722x1024.png 722w, http:\/\/www.ehu.eus\/cdsea\/web\/wp-content\/uploads\/2016\/11\/Cambio-Climatico-600x852.png 600w, http:\/\/www.ehu.eus\/cdsea\/web\/wp-content\/uploads\/2016\/11\/Cambio-Climatico.png 792w\" alt=\"cambio-climatico\" width=\"211\" height=\"300\" \/><\/a>supuso el primer gran hito planificador en Euskadi en relaci\u00f3n al cambio clim\u00e1tico. El Gobierno Vasco consider\u00f3 necesario llevar a cabo una actualizaci\u00f3n del plan, con la mirada puesta en los pr\u00f3ximos a\u00f1os. Para ello,\u00a0han propuesto la elaboraci\u00f3n de una <a href=\"http:\/\/www.euskadi.eus\/contenidos\/plan_programa_proyecto\/klima2050\/es_def\/adjuntos\/LineasEstrategicasEconomicasBasicasEVCC.pdf\" target=\"_blank\" rel=\"noopener\"><strong>Estrategia Vasca de Cambio climatico 2050<\/strong><\/a> que permita un mejor encaje en los horizontes Europeos de planificaci\u00f3n incorporando planteamientos estrat\u00e9gicos que respondan a un horizonte temporal de medio-largo plazo, atendiendo a los \u00faltimos avances, tendencias y compromisos a nivel europeo e internacional (2030-2050).<\/p>\n<p>En este contexto, la C\u00e1tedra UNESCO\u00a0ha sido encargada de realizar un<strong> Informe sobre\u00a0el an\u00e1lisis de las interrelaciones entre los ecosistemas terrestres y el cambio clim\u00e1tico en el Pa\u00eds Vasco<\/strong>. En \u00e9l se atiende especialmente a los ecosistemas terrestres m\u00e1s afectados por el cambio clim\u00e1tico y a las zonas m\u00e1s vulnerables a eventos clim\u00e1ticos extremos, y se realiza una evaluaci\u00f3n global del impacto sobre el capital natural y los principales servicios de los ecosistemas. Adem\u00e1s, se trata de conocer el impacto del cambio clim\u00e1tico en la configuraci\u00f3n del paisaje y definir los procesos que puedan ser principalmente afectados.<\/div>\n<\/div>\n<\/div>\n<\/div>\n<\/div>\n<\/div>\n<p>[\/vc_column_text][\/vc_tta_section][vc_tta_section title=\u00bbEAE-ko GEODIBERTSITATE ESTRATEGIAREN LANTZERAKO PARTE-HARTZE PUBLIKOKO PROZESUA\u00bb tab_id=\u00bb1562079205202-2e88dfd5-350b\u00bb][vc_column_text]<\/p>\n<div class=\"g-cols type_default valign_top\">\n<div class=\"vc_col-sm-9 wpb_column vc_column_container\">\n<div class=\"vc_column-inner\">\n<div class=\"wpb_wrapper\">\n<h3 class=\"vc_custom_heading\">EAE-ko GEODIBERTSITATE ESTRATEGIAREN LANTZERAKO PARTE-HARTZE PUBLIKOKO PROZESUA<\/h3>\n<div class=\"wpb_text_column \">\n<div class=\"wpb_wrapper\">\n<p><a href=\"http:\/\/www.ehu.eus\/cdsea\/web\/wp-content\/uploads\/2016\/11\/geodivers_2020.pdf\"><img loading=\"lazy\" decoding=\"async\" class=\"alignright wp-image-1028 size-medium\" title=\"Ver aqu\u00ed\" src=\"http:\/\/www.ehu.eus\/cdsea\/web\/wp-content\/uploads\/2016\/11\/Estrategia-Geodiversdiad-225x300.jpg\" sizes=\"(max-width: 225px) 100vw, 225px\" srcset=\"http:\/\/www.ehu.eus\/cdsea\/web\/wp-content\/uploads\/2016\/11\/Estrategia-Geodiversdiad-225x300.jpg 225w, http:\/\/www.ehu.eus\/cdsea\/web\/wp-content\/uploads\/2016\/11\/Estrategia-Geodiversdiad-600x800.jpg 600w, http:\/\/www.ehu.eus\/cdsea\/web\/wp-content\/uploads\/2016\/11\/Estrategia-Geodiversdiad.jpg 720w\" alt=\"estrategia-geodiversdiad\" width=\"225\" height=\"300\" \/><\/a><\/p>\n<p>El objetivo de este proyecto era abrir un proceso de participaci\u00f3n p\u00fablica hacia las administraciones p\u00fablicas, la ciudadan\u00eda y los grupos de inter\u00e9s que permitiera recoger el mayor n\u00famero de aportaciones, enmiendas, opiniones y sugerencias a la <a href=\"http:\/\/www.ingurumena.ejgv.euskadi.eus\/contenidos\/plan_programa_proyecto\/geodibertsitatearen_estrategia\/es_def\/adjuntos\/geodivers_2020.pdf\" target=\"_blank\" rel=\"noopener\"><strong>Estrategia de Geodiversidad de la CAPV y al Inventario de Lugares de Inter\u00e9s Geol\u00f3gico<\/strong><\/a><strong>.<\/strong><\/p>\n<p>C\u00e1tedra UNESCO particip\u00f3 junto a Kualitate Lantaldea en la elaboraci\u00f3n del <a href=\"http:\/\/www.irekia.euskadi.eus\/es\/debates\/940-participacion-ciudadana-diseno-estrategia-geodiversidad-capv?stage=presentation\" target=\"_blank\" rel=\"noopener\"><strong>Proceso de participaci\u00f3n<\/strong> <\/a><a href=\"http:\/\/www.irekia.euskadi.eus\/es\/debates\/940-participacion-ciudadana-diseno-estrategia-geodiversidad-capv?stage=presentation\" target=\"_blank\" rel=\"noopener\"><strong>p\u00fablica para la elaboraci\u00f3n de la Estrategia de Geodiversidad de la CAPV.<\/strong><\/a><\/div>\n<\/div>\n<\/div>\n<\/div>\n<\/div>\n<\/div>\n<p>[\/vc_column_text][\/vc_tta_section][vc_tta_section title=\u00bbPRUG DE URDAIBAI\u00bb tab_id=\u00bb1562079205932-2cf37e03-52b4&#8243;][vc_column_text]<\/p>\n<div class=\"vc_col-sm-9 wpb_column vc_column_container\">\n<div class=\"vc_column-inner\">\n<div class=\"wpb_wrapper\">\n<h3 class=\"vc_custom_heading\">PRUG DE URDAIBAI<\/h3>\n<div class=\"wpb_text_column \">\n<div class=\"wpb_wrapper\">\n<p>La Oficina T\u00e9cnica de la Reserva de la Biofera<img loading=\"lazy\" decoding=\"async\" class=\"size-medium wp-image-1043 alignright\" src=\"http:\/\/www.ehu.eus\/cdsea\/web\/wp-content\/uploads\/2016\/11\/proceso_participativo-213x300.jpg\" sizes=\"(max-width: 213px) 100vw, 213px\" srcset=\"http:\/\/www.ehu.eus\/cdsea\/web\/wp-content\/uploads\/2016\/11\/proceso_participativo-213x300.jpg 213w, http:\/\/www.ehu.eus\/cdsea\/web\/wp-content\/uploads\/2016\/11\/proceso_participativo.jpg 443w\" alt=\"proceso_participativo\" width=\"213\" height=\"300\" \/> de Urdaibai y la C\u00e1tedra UNESCO sobre desarrollo sostenible y educaci\u00f3n ambiental de la UPV\/EHU han llevando a cabo un <strong>proceso de participaci\u00f3n para renovar el <em>Plan Rector de Uso y Gesti\u00f3n (PRUG) de la Reserva de la Biosfera de Urdaibai<\/em>.<\/strong><\/p>\n<p>El PRUG de Urdaibai actual fue aprobado por el DECRETO 242\/1993, el 3 de agosto de 1993, y prev\u00e9 en su articulo 9 su revisi\u00f3n transcurridos diez a\u00f1os desde su entrada en vigor. As\u00ed, en el a\u00f1o 2003 el PRUG fue actualizado puntualmente, a trav\u00e9s del <em>Decreto 27\/2003, de 11 de febrero<\/em>, de modificaci\u00f3n del PRUG de la Reserva de la Biosfera de Urdaibai, que contempla fundamentalmente la correcci\u00f3n y actualizaci\u00f3n de la cartograf\u00eda y la modificaci\u00f3n de aspectos puntuales del texto del articulado del PRUG.<\/p>\n<p>Como parte de esta nueva revisi\u00f3n, entre los a\u00f1os 2011 y 2012, se ha realizado\u00a0 un proceso de participaci\u00f3n cient\u00edfico-t\u00e9cnica con el objetivo de elaborar las bases cient\u00edfico-t\u00e9cnicas del futuro PRUG a partir de la aportaci\u00f3n de expertos en los diferentes temas que aborda dicho documento.<\/p>\n<p>Los contenidos del PRUG se han dividido en cinco bloques para un mejor an\u00e1lisis:<\/p>\n<blockquote>\n<h3>+ Aspectos jur\u00eddicos<\/h3>\n<h3>+ \u00c1reas de Especial Protecci\u00f3n<\/h3>\n<h3>+ \u00c1reas de Protecci\u00f3n<\/h3>\n<h3>+ \u00c1reas de Sistemas en el territorio, n\u00facleos de poblaci\u00f3n y suelo r\u00fastico<\/h3>\n<h3>+ \u00c1reas de inter\u00e9s agrario y forestal, turismo y desarrollo rural<\/h3>\n<\/blockquote>\n<p>Estos contenidos han sido debatidos en talleres participativos cient\u00edfico-t\u00e9cnicos. Como resultado de este proceso, en el a\u00f1o 2012 la C\u00e1tedra UNESCO sobre Desarrollo Sostenible y Educaci\u00f3n Ambiental de la Universidad del Pa\u00eds Vasco UPV\/EHU edit\u00f3 una publicaci\u00f3n con los resultados obtenidos de este <strong><a title=\"PRUG de Urdaibai\" href=\"http:\/\/www.ehu.eus\/cdsea\/web\/wp-content\/rm_documents\/proceso_participativo\/\" target=\"_blank\" rel=\"noopener\">Proceso participativo para la renovaci\u00f3n del PRUG de Urdaibai.<\/a><\/strong><\/div>\n<\/div>\n<\/div>\n<\/div>\n<\/div>\n<p>[\/vc_column_text][\/vc_tta_section][vc_tta_section title=\u00bbERASMUS+BELIEVE\u00bb tab_id=\u00bb1718193378362-35e06088-6f1e\u00bb][vc_column_text]<\/p>\n<div class=\"g-cols type_default valign_top\">\n<div class=\"vc_col-sm-9 wpb_column vc_column_container\">\n<div class=\"vc_column-inner\">\n<div class=\"wpb_wrapper\">\n<h3 class=\"vc_custom_heading\">ERASMUS+BELIEVE<\/h3>\n<div class=\"wpb_text_column \">\n<div class=\"wpb_wrapper\">\n<p><strong><img loading=\"lazy\" decoding=\"async\" class=\"alignnone size-medium wp-image-17939\" src=\"http:\/\/www.ehu.eus\/cdsea\/web\/wp-content\/uploads\/2017\/03\/logo-europa-color-300x96.png\" sizes=\"(max-width: 300px) 100vw, 300px\" srcset=\"https:\/\/www.ehu.eus\/cdsea\/web\/wp-content\/uploads\/2017\/03\/logo-europa-color-300x96.png 300w, https:\/\/www.ehu.eus\/cdsea\/web\/wp-content\/uploads\/2017\/03\/logo-europa-color-768x245.png 768w, https:\/\/www.ehu.eus\/cdsea\/web\/wp-content\/uploads\/2017\/03\/logo-europa-color-600x192.png 600w, https:\/\/www.ehu.eus\/cdsea\/web\/wp-content\/uploads\/2017\/03\/logo-europa-color.png 839w\" alt=\"\" width=\"300\" height=\"96\" \/><\/strong><\/p>\n<p><strong>Proiektuaren izenburua<\/strong>: Sinestu klima aldaketan \u2013 gazteen gaitasun analitikoen eta pentsamendu kritikoaren garapena \u2013 CC Believe.<\/p>\n<p>CC Believe proiektua nazioarteko ekimen bat da, eta klima-aldaketarekin lotutako prozesu kognitiboetan egia aurkitzeko arazoan jartzen du arreta. Zehazki, gazteak informazioa bilatzeko eta aztertzeko gai izatea nahi dugu, bereziki informazio fidagarria eta manipulatua bereizteko.<\/p>\n<p><strong>Proiektuaren helburua<\/strong><\/p>\n<p>Proiektuaren helburu nagusia errealitate areagotua (EA) erabiliz jolas hezitzaile bat garatzea da, gazteei ikasteko trebetasunak, gaitasun analitikoak eta pentsamendu kritikoa garatzen laguntzeko, ingurumenaren babesaren eta klima-aldaketaren esparruan.<\/p>\n<p>Erakunde kooperanteen asmoa da 24 hilabeteko epean EAn oinarritutako jokoaren garapen kontzeptuala, ekoizpena eta pilotua burutzea, gazteentzako hezkuntza-tresna bat sortzeko. Jolasa hezkuntza-baliabide bat izango da, eta klima-aldaketari buruzko informazio faltsua espazio publikoan manipulatzearen eta hedatzearen arazoari helduko dio, eta jolasaren mekanikak gazteei beren gaitasunak eta edukiak aztertzeko eta hautatzeko gaitasuna garatzen lagunduko die.<\/p>\n<p><strong>Proiektukideak<\/strong><\/p>\n<p>Proiektuan bi erakundeek parte hartzen dute:<\/p>\n<p>\u2013 5Klepek Michael Klepka \u2013 Proiektuaren zuzendaria (Polonia)<\/p>\n<p>\u2013 UNIVERSIDAD DEL PAIS VASCO\/EUSKAL HERRIKO UNIBERTSITATEA \u2013 Proiektukidea (Euskal Herria)<\/p>\n<p><em><img loading=\"lazy\" decoding=\"async\" class=\"alignnone size-medium wp-image-17940\" src=\"http:\/\/www.ehu.eus\/cdsea\/web\/wp-content\/uploads\/2017\/03\/logo-europa-300x63.jpg\" sizes=\"(max-width: 300px) 100vw, 300px\" srcset=\"https:\/\/www.ehu.eus\/cdsea\/web\/wp-content\/uploads\/2017\/03\/logo-europa-300x63.jpg 300w, https:\/\/www.ehu.eus\/cdsea\/web\/wp-content\/uploads\/2017\/03\/logo-europa-600x126.jpg 600w, https:\/\/www.ehu.eus\/cdsea\/web\/wp-content\/uploads\/2017\/03\/logo-europa.jpg 625w\" alt=\"\" width=\"300\" height=\"63\" \/><\/em><\/p>\n<p><em>EBko funtsekin finantzatua. Adierazitako ikuspuntuak eta iritziak egilearen edo egileen ikuspuntuak baino ez dira, eta ez dituzte nahitaez islatzen Europar Batasunaren edo Hezkuntza eta Kulturako Europako Agentzia Exekutiboaren (EACEA) ikuspuntuak eta iritziak. Europar Batasuna eta EACEA ez dira horien erantzule.<\/em><\/p>\n<\/div>\n<\/div>\n<\/div>\n<\/div>\n<\/div>\n<\/div>\n<p>[\/vc_column_text][\/vc_tta_section][\/vc_tta_tabs][\/vc_column][\/vc_row]<\/p>\n","protected":false},"excerpt":{"rendered":"<p>[vc_row][vc_column width=\u00bb1\/4&#8243;][vc_wp_custommenu nav_menu=\u00bb13&#8243;][\/vc_column][vc_column width=\u00bb3\/4&#8243;][vc_tta_tabs][vc_tta_section title=\u00bbMILURTEKO EKOSISTEMEN EBALUAZIOA BIZKAIAN\u00bb tab_id=\u00bb1562079102319-30878fb0-49fd\u00bb][vc_column_text] MILURTEKO EKOSISTEMEN EBALUAZIOA BIZKAIAN Garapen Iraunkorra eta Ingurumen Hezkuntzari\u00a0buruzko UNESCO Katedrak Bizkaiko Foru Aldundiko Ingurumen sailetiko laguntza medio, \u201cMilurteko Ekosistemen Ebaluazioa Bizkaian\u201d ikerketa proiektua aurrera eramaten ari da. Proiektu honen helburua Nazio Batuen Milurteko Ekosistemen Ebaluaziorako Nazioarteko Programaren kontzeptu eta metodologia Bizkaian garatzea da, eremu publiko [&hellip;]<\/p>\n","protected":false},"author":4,"featured_media":0,"parent":0,"menu_order":0,"comment_status":"closed","ping_status":"closed","template":"","meta":{"footnotes":""},"class_list":["post-9704","page","type-page","status-publish","hentry"],"_links":{"self":[{"href":"https:\/\/www.ehu.eus\/cdsea\/web\/index.php\/wp-json\/wp\/v2\/pages\/9704"}],"collection":[{"href":"https:\/\/www.ehu.eus\/cdsea\/web\/index.php\/wp-json\/wp\/v2\/pages"}],"about":[{"href":"https:\/\/www.ehu.eus\/cdsea\/web\/index.php\/wp-json\/wp\/v2\/types\/page"}],"author":[{"embeddable":true,"href":"https:\/\/www.ehu.eus\/cdsea\/web\/index.php\/wp-json\/wp\/v2\/users\/4"}],"replies":[{"embeddable":true,"href":"https:\/\/www.ehu.eus\/cdsea\/web\/index.php\/wp-json\/wp\/v2\/comments?post=9704"}],"version-history":[{"count":6,"href":"https:\/\/www.ehu.eus\/cdsea\/web\/index.php\/wp-json\/wp\/v2\/pages\/9704\/revisions"}],"predecessor-version":[{"id":17952,"href":"https:\/\/www.ehu.eus\/cdsea\/web\/index.php\/wp-json\/wp\/v2\/pages\/9704\/revisions\/17952"}],"wp:attachment":[{"href":"https:\/\/www.ehu.eus\/cdsea\/web\/index.php\/wp-json\/wp\/v2\/media?parent=9704"}],"curies":[{"name":"wp","href":"https:\/\/api.w.org\/{rel}","templated":true}]}}