{"id":1090,"date":"2015-03-06T07:41:02","date_gmt":"2015-03-06T07:41:02","guid":{"rendered":"https:\/\/www.ehu.eus\/dieta-singluten\/terms-and-conditions-of-privacy\/"},"modified":"2023-07-06T07:45:39","modified_gmt":"2023-07-06T07:45:39","slug":"politica-de-privacidad","status":"publish","type":"page","link":"https:\/\/www.ehu.eus\/dieta-singluten\/eu\/politica-de-privacidad\/","title":{"rendered":"Pol\u00edtica de privacidad"},"content":{"rendered":"\n<h2 class=\"wp-block-heading\">INFORMACI\u00d3N <em>B\u00c1SICA<\/em> SOBRE PROTECCI\u00d3N DE DATOS<\/h2>\n\n\n\n<figure class=\"wp-block-table\"><table><tbody><tr><td><strong>RESPONSABLE<\/strong><\/td><td>UNIVERSIDAD DEL PA\u00cdS VASCO &#8211; EUSKAL HERRIKO UNIBERTSITATEA<\/td><\/tr><tr><td><strong>FINALIDAD<\/strong><\/td><td>Las finalidades para las que se tratan los datos personales son: Respuesta a dudas, uso de la aplicaci\u00f3n y env\u00edo de informaci\u00f3n sobre ehu.eus\/dieta-singluten, Invitaci\u00f3n a eventos, Realizaci\u00f3n de encuestas de satisfacci\u00f3n y elaboraci\u00f3n de perfiles para la correcta gesti\u00f3n de las actividades anteriores.<br><br>Los datos ser\u00e1n incluidos en la aplicaci\u00f3n GlutenFreeDiet y en cumplimiento de la Ley Org\u00e1nica 15\/1999 de Protecci\u00f3n de Datos de Car\u00e1cter Personal, quedar\u00e1n registrados en un fichero que ha sido notificado al responsable de Protecci\u00f3n de Datos de la UPV\/EHU, se ha declarado y se encuentra registrado en la Agencia Vasca de Protecci\u00f3n de Datos con el n\u00famero INA0112. El nivel de seguridad aplicado al fichero es alto.<\/td><\/tr><tr><td><strong>LEGITIMACI\u00d3N<\/strong><\/td><td>Consentimiento del interesado.<\/td><\/tr><tr><td><strong>DESTINATARIOS<\/strong><\/td><td>No se ceder\u00e1n datos a terceros, salvo obligaci\u00f3n legal.<\/td><\/tr><tr><td><strong>DERECHOS<\/strong><\/td><td>D\u00ba de acceso, rectificaci\u00f3n, supresi\u00f3n y oposici\u00f3n y otros derechos, como se explica en la informaci\u00f3n adicional.<\/td><\/tr><tr><td><strong>INFORMACI\u00d3N ADICIONAL<\/strong><\/td><td>Para obtener m\u00e1s informaci\u00f3n, puede acceder a la tabla con informaci\u00f3n completa haciendo click en<\/td><\/tr><\/tbody><\/table><\/figure>\n\n\n\n<hr class=\"wp-block-separator has-alpha-channel-opacity\"\/>\n\n\n\n<h2 class=\"wp-block-heading\" id=\"politica-de-privacidad-completa\">INFORMACI\u00d3N <em>ADICIONAL<\/em> SOBRE PROTECCI\u00d3N DE DATOS<\/h2>\n\n\n\n<figure class=\"wp-block-table\"><table><tbody><tr><td><strong>RESPONSABLE<\/strong><\/td><td>UNIVERSIDAD DEL PA\u00cdS VASCO &#8211; EUSKAL HERRIKO UNIBERTSITATEA, CIF , direcci\u00f3n Campus de Leioa 48949 Leioa. Email de contacto: dpd@ehu.eus<\/td><\/tr><tr><td><strong>FINALIDAD<\/strong><\/td><td>Las finalidades para las que se tratan los datos personales son:<br>&#8211; Responder a las dudas que nos plantees<br>&#8211; Enviar informaci\u00f3n sobre ehu.eus\/dieta-singluten v\u00eda tel\u00e9fono, correo postal, e-mail incluso cuando nuestra relaci\u00f3n haya terminado, salvo que la persona interesada manifieste lo contrario.<br>&#8211; Invitar a actos o eventos que organice ehu.eus\/dieta-singluten.<br>&#8211; Realizaci\u00f3n de encuestas de satisfacci\u00f3n.<br>&#8211; Actividades b\u00e1sicas de elaboraci\u00f3n de perfiles, en base a la informaci\u00f3n que directamente nos has proporcionado, y destinada a asegurar la adecuada gesti\u00f3n de las anteriores actividades.<br><br>Los datos ser\u00e1n incluidos en la aplicaci\u00f3n GlutenFreeDiet y en cumplimiento de la Ley Org\u00e1nica 15\/1999 de Protecci\u00f3n de Datos de Car\u00e1cter Personal, quedar\u00e1n registrados en un fichero que ha sido notificado al responsable de Protecci\u00f3n de Datos de la UPV\/EHU, se ha declarado y se encuentra registrado en la Agencia Vasca de Protecci\u00f3n de Datos con el n\u00famero INA0112. El nivel de seguridad aplicado al fichero es alto.<\/td><\/tr><tr><td><strong>LEGITIMACI\u00d3N<\/strong><\/td><td>La base jur\u00eddica en la que se basa el tratamiento es el <strong>consentimiento<\/strong> del interesado. Sus datos se conservar\u00e1n mientras se mantenga la relaci\u00f3n comercial o durante el tiempo necesario para cumplir con las obligaciones legales.<\/td><\/tr><tr><td><strong>DESTINATARIOS<\/strong><\/td><td>No se ceder\u00e1n datos a terceros ajenos, salvo obligaci\u00f3n legal. No existen transferencias internacionales de datos.<\/td><\/tr><tr><td><strong>DERECHOS<\/strong><\/td><td>Cualquier usuario tiene derecho a obtener informaci\u00f3n sobre el tratamiento de sus datos personales. Para ejercer el DERECHO DE ACCESO o consulta a sus datos personales, el DERECHO DE RECTIFICACI\u00d3N para modificar datos err\u00f3neos o datos incompletos, el DERECHO DE SUPRESI\u00d3N o cancelaci\u00f3n de sus datos personales cuando ya no sean necesarios para los fines que motivaron el tratamiento, el DERECHO DE LIMITACI\u00d3N DEL TRATAMIENTO, el DERECHO DE OPOSICI\u00d3N al tratamiento o el DERECHO A LA PORTABILIDAD de sus datos personales puede dirigirse a UNIVERSIDAD DEL PA\u00cdS VASCO &#8211; EUSKAL HERRIKO UNIBERTSITATEA, en el email <a href=\"mailto:dpd@ehu.eus\">dpd@ehu.eus<\/a>.Puede informarse del ejercicio y de los derechos que le asisten como titular de los datos personales poni\u00e9ndose en contacto con las autoridades p\u00fablicas de protecci\u00f3n de datos en <a href=\"http:\/\/www.agpd.es\/portalwebAGPD\/CanalDelCiudadano\/index-ides-idphp.php\" target=\"_blank\" rel=\"noreferrer noopener\">la web oficial de la AGPD<\/a>.<\/td><\/tr><\/tbody><\/table><\/figure>\n","protected":false},"excerpt":{"rendered":"<p>INFORMACI\u00d3N B\u00c1SICA SOBRE PROTECCI\u00d3N DE DATOS RESPONSABLE UNIVERSIDAD DEL PA\u00cdS VASCO &#8211; EUSKAL HERRIKO UNIBERTSITATEA FINALIDAD Las finalidades para las que se tratan los datos personales son: Respuesta a dudas, uso de la aplicaci\u00f3n y env\u00edo de informaci\u00f3n sobre ehu.eus\/dieta-singluten, Invitaci\u00f3n a eventos, Realizaci\u00f3n de encuestas de satisfacci\u00f3n y elaboraci\u00f3n de perfiles para la correcta [&hellip;]<\/p>\n","protected":false},"author":1,"featured_media":0,"parent":0,"menu_order":0,"comment_status":"closed","ping_status":"open","template":"","meta":[],"_links":{"self":[{"href":"https:\/\/www.ehu.eus\/dieta-singluten\/eu\/wp-json\/wp\/v2\/pages\/1090"}],"collection":[{"href":"https:\/\/www.ehu.eus\/dieta-singluten\/eu\/wp-json\/wp\/v2\/pages"}],"about":[{"href":"https:\/\/www.ehu.eus\/dieta-singluten\/eu\/wp-json\/wp\/v2\/types\/page"}],"author":[{"embeddable":true,"href":"https:\/\/www.ehu.eus\/dieta-singluten\/eu\/wp-json\/wp\/v2\/users\/1"}],"replies":[{"embeddable":true,"href":"https:\/\/www.ehu.eus\/dieta-singluten\/eu\/wp-json\/wp\/v2\/comments?post=1090"}],"version-history":[{"count":2,"href":"https:\/\/www.ehu.eus\/dieta-singluten\/eu\/wp-json\/wp\/v2\/pages\/1090\/revisions"}],"predecessor-version":[{"id":1183,"href":"https:\/\/www.ehu.eus\/dieta-singluten\/eu\/wp-json\/wp\/v2\/pages\/1090\/revisions\/1183"}],"wp:attachment":[{"href":"https:\/\/www.ehu.eus\/dieta-singluten\/eu\/wp-json\/wp\/v2\/media?parent=1090"}],"curies":[{"name":"wp","href":"https:\/\/api.w.org\/{rel}","templated":true}]}}