{"id":822,"date":"2010-08-31T13:13:18","date_gmt":"2010-08-31T11:13:18","guid":{"rendered":"http:\/\/localhost\/Arina\/?page_id=822"},"modified":"2023-09-13T11:34:21","modified_gmt":"2023-09-13T09:34:21","slug":"822-2","status":"publish","type":"page","link":"https:\/\/www.ehu.eus\/sgi\/","title":{"rendered":"Inicio"},"content":{"rendered":"<div id=\"textbox\">\n<p class=\"alignleft\"><a href=\"http:\/\/www.ehu.es\/sgi\/en\">English<\/a><\/p>\n<p class=\"alignright\"><a href=\"http:\/\/www.ehu.es\/sgi\/eu\">Euskara<\/a><\/p>\n<\/div>\n<h1 style=\"text-align: center;\"><strong>Servicio General de Inform\u00e1tica Aplicada a la Investigaci\u00f3n<\/strong><\/h1>\n<h2 style=\"text-align: center;\"><strong>(C\u00e1lculo Cient\u00edfico)<br \/>\n<\/strong><span id=\"badgeCont637987\" style=\"width: 26px;\"><script src=\"http:\/\/labs.researcherid.com\/mashlets?el=badgeCont637987&amp;mashlet=badge&amp;showTitle=false&amp;className=a&amp;rid=F-3072-2010&amp;size=small\"><\/script><\/span><\/h2>\n<h2 style=\"text-align: center;\"><\/h2>\n<p>El Servicio General de Inform\u00e1tica (SGI) Aplicada a la Investigaci\u00f3n (C\u00e1lculo Cient\u00edfico) <strong>proporciona recursos de c\u00e1lculo intensivo (clusters de c\u00e1lculo), soporte t\u00e9cnico especializado y consultor\u00eda a los investigadores de la UPV\/EHU, otros organismos p\u00fablicos y empresas<\/strong>. Asimismo, el Servicio proporciona a la comunidad recursos de computaci\u00f3n propios con potentes clusters de computaci\u00f3n, pol\u00edticas de actualizaci\u00f3n y distribuci\u00f3n de recursos computacionales, y evaluar\u00e1 la idoneidad de los avances que se producir\u00e1n en la inform\u00e1tica y el HPC (High Performance Computing) para su implementaci\u00f3n en la UPV\/EHU. El Servicio se enmarca dentro del <a title=\"SGIker\" href=\"http:\/\/www.ikerkuntza.ehu.es\/p273-sgikerhm\/es\/\" target=\"_blank\" rel=\"noopener\">Servicio General de Investigaci\u00f3n<\/a> (SGIker) de la UPV\/EHU, y por lo tanto, cumple con los protocolos establecidos por el mismo. Todos los resultados que se publiquen utilizando los recursos del Servicio General de C\u00e1lculo Cient\u00edfico deber\u00e1n de se\u00f1alarlo en los agradecimientos y enviar una copia de la publicaci\u00f3n (<a href=\"http:\/\/\/www.ehu.es\/sgi\/CUENTA\" target=\"_blank\" rel=\"noopener\">en esta p\u00e1gina<\/a>). Estas, ser\u00e1n utilizadas a la hora de priorizar el uso de las herraminetas del Servicio General de C\u00e1lculo Cient\u00edfico. La frase que proponemos para los agradecimientos es:<\/p>\n<div id=\"_mcePaste\" style=\"text-align: center;\"><em><strong><a href=\"https:\/\/www.ehu.eus\/documents\/2458249\/2653628\/TEXTO+DE+AGRADECIMIENTOS+A+SGIKER+TRILINGUE.pdf\/a4ccf8c4-dc67-48c7-b5ef-ac0bf588003c\" target=\"_blank\" rel=\"noopener\">Link con la frase de agradecimiento<\/a><\/strong><br \/>\n<\/em><\/div>\n<div><strong>Contacto<\/strong>:<\/div>\n<div>\n<table style=\"border-collapse: collapse; width: 100%;\">\n<tbody>\n<tr>\n<td style=\"width: 50%;\"><strong>Dr. Joaquim Jornet Somzoa<\/strong><\/td>\n<td style=\"width: 50%;\"><strong>Dr. Luca Bergamini<\/strong><\/td>\n<\/tr>\n<tr>\n<td style=\"width: 50%;\">joaquim.jornet@ehu.eus<\/td>\n<td style=\"width: 50%;\">luca.bergamini@ehu.eus<\/td>\n<\/tr>\n<tr>\n<td style=\"width: 50%;\">tel. 943 01 8554<\/td>\n<td style=\"width: 50%;\"><\/td>\n<\/tr>\n<\/tbody>\n<\/table>\n<\/div>\n<div>\n<p><!--\n\n\n<td><strong>Dr. Edu Ogando<\/strong><\/td>\n\n\n\n\n<td><\/td>\n\n\n\n\n<td><strong>Dr. Txema Mercero<\/strong><span id=\"badgeCont222679\" style=\"width: 26px;\"><script src=\"http:\/\/labs.researcherid.com\/mashlets?el=badgeCont222679&amp;mashlet=badge&amp;showTitle=false&amp;className=a&amp;rid=E-6828-2010&amp;size=small\"><\/script><\/span><\/td>\n\n\n--><\/p>\n<p><!--\n\n\n<td>edu.ogando@ehu.es<\/td>\n\n\n\n\n<td><\/td>\n\n\n\n\n<td>jm.mercero@ehu.es<\/td>\n\n\n--><\/p>\n<p><!--\n\n\n<td>tel. 946015022<\/td>\n\n\n\n\n<td><\/td>\n\n\n\n\n<td>tel. 943015312<\/td>\n\n\n--><\/p>\n<\/div>\n","protected":false},"excerpt":{"rendered":"<p>English Euskara Servicio General de Inform\u00e1tica Aplicada a la Investigaci\u00f3n (C\u00e1lculo Cient\u00edfico) El Servicio General de Inform\u00e1tica (SGI) Aplicada a la Investigaci\u00f3n (C\u00e1lculo Cient\u00edfico) proporciona recursos de c\u00e1lculo intensivo (clusters de c\u00e1lculo), soporte t\u00e9cnico especializado y consultor\u00eda a los investigadores de la UPV\/EHU, otros organismos p\u00fablicos y empresas. Asimismo, el Servicio proporciona a la comunidad &hellip; <a href=\"https:\/\/www.ehu.eus\/sgi\/\" class=\"more-link\">Seguir leyendo <span class=\"screen-reader-text\">Inicio<\/span> <span class=\"meta-nav\">&rarr;<\/span><\/a><\/p>\n","protected":false},"author":1,"featured_media":0,"parent":0,"menu_order":100,"comment_status":"closed","ping_status":"open","template":"","meta":{"_links_to":"","_links_to_target":""},"_links":{"self":[{"href":"https:\/\/www.ehu.eus\/sgi\/wp-json\/wp\/v2\/pages\/822"}],"collection":[{"href":"https:\/\/www.ehu.eus\/sgi\/wp-json\/wp\/v2\/pages"}],"about":[{"href":"https:\/\/www.ehu.eus\/sgi\/wp-json\/wp\/v2\/types\/page"}],"author":[{"embeddable":true,"href":"https:\/\/www.ehu.eus\/sgi\/wp-json\/wp\/v2\/users\/1"}],"replies":[{"embeddable":true,"href":"https:\/\/www.ehu.eus\/sgi\/wp-json\/wp\/v2\/comments?post=822"}],"version-history":[{"count":66,"href":"https:\/\/www.ehu.eus\/sgi\/wp-json\/wp\/v2\/pages\/822\/revisions"}],"predecessor-version":[{"id":9159,"href":"https:\/\/www.ehu.eus\/sgi\/wp-json\/wp\/v2\/pages\/822\/revisions\/9159"}],"wp:attachment":[{"href":"https:\/\/www.ehu.eus\/sgi\/wp-json\/wp\/v2\/media?parent=822"}],"curies":[{"name":"wp","href":"https:\/\/api.w.org\/{rel}","templated":true}]}}