{"id":867,"date":"2010-09-01T12:24:36","date_gmt":"2010-09-01T10:24:36","guid":{"rendered":"http:\/\/158.227.110.128\/Arina\/?page_id=867"},"modified":"2011-05-04T12:43:29","modified_gmt":"2011-05-04T10:43:29","slug":"tarifas-2010","status":"publish","type":"page","link":"https:\/\/www.ehu.eus\/sgi\/tarifas-2010","title":{"rendered":"Tarifas"},"content":{"rendered":"<p>Existen 3 tarifas seg\u00fan el tipo de organismo. En las tarifas se indica el precio est\u00e1ndar por el uso de los recursos computacionales. Ante cualquier duda o servicio especial consulte con los <a href=\"http:\/\/www.ehu.es\/sgi\" target=\"_blank\">t\u00e9cnicos<\/a>.<\/p>\n<p><strong>[intlink id=\u00bb289&#8243; type=\u00bbpost\u00bb]Tarifa interna para investigadores de la UPV\/EHU[\/intlink].<\/strong><\/p>\n<p><strong>[intlink id=\u00bb79&#8243; type=\u00bbpost\u00bb]Tarifa para organismos p\u00fablicos\ufeff[\/intlink].<\/strong><\/p>\n<p><strong>[intlink id=\u00bb285&#8243; type=\u00bbpost\u00bb]Tarifa para empresas[\/intlink].<\/strong><\/p>\n","protected":false},"excerpt":{"rendered":"<p>Existen 3 tarifas seg\u00fan el tipo de organismo. En las tarifas se indica el precio est\u00e1ndar por el uso de los recursos computacionales. Ante cualquier duda o servicio especial consulte con los t\u00e9cnicos. [intlink id=\u00bb289&#8243; type=\u00bbpost\u00bb]Tarifa interna para investigadores de la UPV\/EHU[\/intlink]. [intlink id=\u00bb79&#8243; type=\u00bbpost\u00bb]Tarifa para organismos p\u00fablicos\ufeff[\/intlink]. [intlink id=\u00bb285&#8243; type=\u00bbpost\u00bb]Tarifa para empresas[\/intlink].<\/p>\n","protected":false},"author":1,"featured_media":0,"parent":0,"menu_order":6,"comment_status":"closed","ping_status":"closed","template":"","meta":{"_links_to":"","_links_to_target":""},"_links":{"self":[{"href":"https:\/\/www.ehu.eus\/sgi\/wp-json\/wp\/v2\/pages\/867"}],"collection":[{"href":"https:\/\/www.ehu.eus\/sgi\/wp-json\/wp\/v2\/pages"}],"about":[{"href":"https:\/\/www.ehu.eus\/sgi\/wp-json\/wp\/v2\/types\/page"}],"author":[{"embeddable":true,"href":"https:\/\/www.ehu.eus\/sgi\/wp-json\/wp\/v2\/users\/1"}],"replies":[{"embeddable":true,"href":"https:\/\/www.ehu.eus\/sgi\/wp-json\/wp\/v2\/comments?post=867"}],"version-history":[{"count":8,"href":"https:\/\/www.ehu.eus\/sgi\/wp-json\/wp\/v2\/pages\/867\/revisions"}],"predecessor-version":[{"id":6947,"href":"https:\/\/www.ehu.eus\/sgi\/wp-json\/wp\/v2\/pages\/867\/revisions\/6947"}],"wp:attachment":[{"href":"https:\/\/www.ehu.eus\/sgi\/wp-json\/wp\/v2\/media?parent=867"}],"curies":[{"name":"wp","href":"https:\/\/api.w.org\/{rel}","templated":true}]}}